{"id":25885,"date":"2024-07-15T18:18:39","date_gmt":"2024-07-15T17:18:39","guid":{"rendered":"https:\/\/bhr-navigator.unglobalcompact.org\/?page_id=25885"},"modified":"2025-05-13T13:40:55","modified_gmt":"2025-05-13T12:40:55","slug":"a-propos","status":"publish","type":"page","link":"https:\/\/bhr-navigator.unglobalcompact.org\/fr\/a-propos\/","title":{"rendered":"\u00c0 propos"},"content":{"rendered":"    <div class=\"heading_block heading_block--three\">\n        <h3>Introduction aux entreprises et aux droits de l&rsquo;homme<\/h3>\n    <\/div><!-- .heading -->\n\n\n<div class=\"paragraph_block reading_content\">\n    <p>Conform\u00e9ment au cadre \u00ab\u00a0Prot\u00e9ger, Respecter et R\u00e9parer\u00a0\u00bb des Nations Unies, il est du devoir des gouvernements nationaux de prot\u00e9ger les personnes se trouvant sur leur territoire et\/ou sous leur juridiction contre les violations des droits humains commises par des tiers, y compris des entreprises. En m\u00eame temps, les entreprises sont cens\u00e9es respecter les droits de l\u2019homme en ne portant pas atteinte aux droits de l\u2019homme d\u2019autrui (directement ou indirectement). Les \u00c9tats et les entreprises sont \u00e9galement cens\u00e9s permettre l\u2019acc\u00e8s \u00e0 des recours efficaces (tant judiciaires que non judiciaires) pour les victimes de violations des droits humains l\u00e0 o\u00f9 elles se produisent.<\/p>\n<p>Les Principes directeurs des Nations Unies relatifs aux entreprises et aux droits de l&rsquo;homme (UNGP), en tant que la norme mondiale sur la conduite des entreprises en mati\u00e8re de droits de l&rsquo;homme, offrent des conseils de haut niveau sur la mani\u00e8re dont les entreprises peuvent mettre en \u0153uvre leurs obligations dans le cadre du cadre \u00ab\u00a0Prot\u00e9ger, Respecter et R\u00e9parer\u00a0\u00bb<a href=\"#_ftn1\" name=\"_ftnref1\">[1]<\/a>. Approuv\u00e9s \u00e0 l&rsquo;unanimit\u00e9 par le Conseil des droits de l&rsquo;homme des Nations Unies en 2011, les Principes directeurs d\u00e9finissent les attentes des \u00c9tats et des soci\u00e9t\u00e9s sur la mani\u00e8re de pr\u00e9venir et de traiter les impacts n\u00e9gatifs des entreprises sur les droits de l&rsquo;homme. Le dilemme des entreprises responsables est de savoir comment respecter les droits de l\u2019homme dans la pratique, en particulier lorsqu\u2019elles sont confront\u00e9es \u00e0 des contextes sociaux, politiques et \u00e9conomiques complexes ou \u00e0 des situations pour lesquelles il n\u2019existe pas de solutions simples.<\/p>\n<\/div><!-- .paragraph_block -->\n\n\n<div class=\"video_block\">\n    <div class=\"video_block__inner\">\n        <div class=\"video_block__embed_container\">\n            <iframe loading=\"lazy\" title=\"Business and Human Rights Navigator - About video\" src=\"https:\/\/player.vimeo.com\/video\/908667046?dnt=1&amp;app_id=122963\" width=\"640\" height=\"360\" frameborder=\"0\" allow=\"autoplay; fullscreen; picture-in-picture; clipboard-write; encrypted-media; web-share\" referrerpolicy=\"strict-origin-when-cross-origin\"><\/iframe>        <\/div><!-- .video_block__embed_container -->\n                    <span class=\"video_block__caption\">Cette vid\u00e9o est actuellement disponible uniquement en anglais. La traduction fran\u00e7aise sera bient\u00f4t disponible.<\/span>\n            <\/div><!-- .video_block__inner -->\n<\/div><!-- .video_block -->\n\n\n    <div class=\"heading_block heading_block--three\">\n        <h3>Le Business &#038; Human Rights Navigator<\/h3>\n    <\/div><!-- .heading -->\n\n\n<div class=\"paragraph_block reading_content\">\n    <p>Le Business &amp; Human Rights Navigator (BHR Navigator) donne aux entreprises du monde entier des conseils pour les aider \u00e0 mieux comprendre et g\u00e9rer leurs impacts sur les droits de l\u2019homme dans leurs op\u00e9rations et leurs cha\u00eenes d\u2019approvisionnement. Les utilisateurs ont acc\u00e8s \u00e0 une analyse approfondie des principales probl\u00e9matiques li\u00e9es aux droits de l&rsquo;homme, \u00e0 des recommandations en mati\u00e8re de diligence raisonnable, ainsi qu&rsquo;\u00e0 des \u00e9tudes de cas illustrant la mani\u00e8re dont d&rsquo;autres entreprises ont trait\u00e9 de mani\u00e8re responsable leurs impacts sur les droits de l&rsquo;homme.<\/p>\n<p>Le BHR Navigator est inform\u00e9 par et align\u00e9 avec les dix principes du Pacte mondial des Nations Unies<a href=\"#_ftn2\" name=\"_ftnref1\">[2]<\/a> et les principes directeurs des Nations Unies relatifs aux entreprises et aux droits de l&rsquo;homme (UNGP)<a href=\"#_ftn3\" name=\"_ftnref2\">[3]<\/a>. L\u2019objectif du BHR Navigator est d\u2019am\u00e9liorer la compr\u00e9hension des entreprises sur la fa\u00e7on dont les UNGP peuvent \u00eatre compris et mis en \u0153uvre en termes pratiques, avec une r\u00e9f\u00e9rence particuli\u00e8re \u00e0 certains des sujets relatifs aux droits de l\u2019homme les plus courants.<\/p>\n<p>Le BHR Navigator vise \u00e0 aider les entreprises \u00e0 mieux comprendre les probl\u00e8mes de droits de l&rsquo;homme les plus courants auxquels elles pourraient \u00eatre confront\u00e9es \u2013 que ce soit par le biais de leurs propres op\u00e9rations ou de leur cha\u00eene d&rsquo;approvisionnement \u2013 et comment ces probl\u00e8mes peuvent \u00eatre g\u00e9r\u00e9s. Cela comprend les \u00e9tapes de diligence raisonnable d\u00e9crites dans les UNGP:<\/p>\n<ul>\n<li>\u00c9laboration de politiques<\/li>\n<li>\u00c9valuation de l&rsquo;impact<\/li>\n<li>Int\u00e9gration\/actions pour faire face aux impacts<\/li>\n<li>Suivi des performances<\/li>\n<li>Communication des performances<\/li>\n<li>M\u00e9canismes de r\u00e9paration et de r\u00e9clamation<\/li>\n<\/ul>\n<p>Explorez les <u>probl\u00e9matiques<\/u> et les <u>\u00e9tudes de cas associ\u00e9es<\/u> afin que votre entreprise soit mieux \u00e9quip\u00e9e pour g\u00e9rer ses risques directs et indirects en mati\u00e8re de droits de l&rsquo;homme. Chaque probl\u00e9matique comprend :<\/p>\n<ul>\n<li>Un aper\u00e7u de la probl\u00e9matique li\u00e9e aux droits de l&rsquo;homme<\/li>\n<li>Facteurs de risque pour les industries cl\u00e9s<\/li>\n<li>Suggestions de diligence raisonnable<\/li>\n<li>\u00c9tudes de cas<\/li>\n<li>Ressources suppl\u00e9mentaires<\/li>\n<\/ul>\n<p>Le BHR Navigator est produit par le Pacte mondial des Nations Unies en collaboration avec le Le Helpdesk Entreprises et Droits de l\u2019Homme du gouvernement allemand et Verisk Maplecroft. Il est financ\u00e9 par le Helpdesk Entreprises et Droits de l\u2019Homme du gouvernement allemand. Global Compact Network Germany a conseill\u00e9 le projet en tant que partenaire conceptuel.<\/p>\n<p>Les ressources ont \u00e9t\u00e9 d\u00e9velopp\u00e9es en coordination avec les Nations Unies pour les droits de l&rsquo;homme (HCDH). Le Bureau international du Travail (OIT) a fourni un soutien technique sur les principes des normes internationales du travail concernant les op\u00e9rations des entreprises. Le Navigateur a en outre \u00e9t\u00e9 soutenu par un sous-groupe du r\u00e9seau local du Pacte mondial compos\u00e9 de\u00a0: l&rsquo;Australie, le Br\u00e9sil, le Canada, la G\u00e9orgie, le Japon, le Nigeria, l&rsquo;Espagne et le Royaume-Uni.<\/p>\n<p>Le BHR Navigator s&rsquo;appuie sur les travaux pr\u00e9c\u00e9demment men\u00e9s sur le <em>Human Rights and Business Dilemmas Forum<\/em>, d\u00e9velopp\u00e9 par le Pacte mondial des Nations Unies en collaboration avec Verisk Maplecroft et financ\u00e9 par la Fondation GE.<a href=\"#_ftnref1\" name=\"_ftn1\"><\/a><\/p>\n<\/div><!-- .paragraph_block -->\n\n\n    <div class=\"heading_block heading_block--three\">\n        <h3>Clause de non-responsabilit\u00e9<\/h3>\n    <\/div><!-- .heading -->\n\n\n<div class=\"paragraph_block reading_content\">\n    <p>Le contenu de ce site Web doit \u00eatre consid\u00e9r\u00e9 uniquement comme une source d&rsquo;information et d&rsquo;analyse. Il ne fournit pas, et ne doit pas \u00eatre consid\u00e9r\u00e9 comme, un avis juridique\u00a0; le fournisseur de l&rsquo;information ne sera pas tenu responsable de quelconque perte directe ou cons\u00e9cutive d\u00e9coulant de la confiance accord\u00e9e aux informations contenues ici.<\/p>\n<p>Les \u00e9tudes de cas n\u2019\u00e9valuent pas si les mesures pr\u00e9sent\u00e9es r\u00e9pondent aux exigences des Principes directeurs des Nations Unies relatifs aux entreprises et aux droits de l\u2019homme (UNGP). L\u2019objectif est plut\u00f4t de d\u00e9montrer la faisabilit\u00e9 de l\u2019adoption de bonnes pratiques de diligence raisonnable en mati\u00e8re de droits de l\u2019homme et de proposer aux entreprises des suggestions pour mettre en \u0153uvre les leurs.<\/p>\n<p>L&rsquo;inclusion d&rsquo;exemples d&rsquo;entreprises est strictement destin\u00e9e \u00e0 des fins d&rsquo;apprentissage et ne constitue pas une approbation des entreprises individuelles. Sauf indication contraire, le contenu n&rsquo;est pas destin\u00e9 \u00e0 refl\u00e9ter les positions, points de vue ou opinions officiels des Nations Unies ou du gouvernement allemand.<\/p>\n<\/div><!-- .paragraph_block -->\n\n\n    <div class=\"heading_block heading_block--three\">\n        <h3>\u00c0 propos du Pacte mondial des Nations Unies<\/h3>\n    <\/div><!-- .heading -->\n\n\n<div class=\"image_block image_block--small\">\n    <figure class=\"image_block__figure\">\n        <img loading=\"lazy\" decoding=\"async\" width=\"622\" height=\"200\" src=\"https:\/\/bhr-navigator.unglobalcompact.org\/wp-content\/uploads\/2021\/10\/un-global-compact-logo-H200.png\" class=\"attachment-medium size-medium\" alt=\"\" \/>    <\/figure><!-- .image_block__figure -->\n<\/div><!-- .image_block -->\n\n\n<div class=\"paragraph_block reading_content\">\n    <p>Une initiative sp\u00e9ciale du Secr\u00e9taire g\u00e9n\u00e9ral des Nations Unies, le Pacte mondial des Nations Unies est un appel aux entreprises du monde entier pour qu&rsquo;elles alignent leurs op\u00e9rations et leurs strat\u00e9gies avec dix principes dans les domaines des droits de l&rsquo;homme, du travail, de l&rsquo;environnement et de la lutte contre la corruption. Notre ambition est d\u2019acc\u00e9l\u00e9rer et d\u2019\u00e9tendre l\u2019impact collectif des entreprises autour du monde en promouvant le respect des dix principes et la mise en \u0153uvre des objectifs de d\u00e9veloppement durable par le biais d\u2019entreprises et d\u2019\u00e9cosyst\u00e8mes responsables qui saluent le changement. Avec plus de 12\u00a0000 entreprises et 3\u00a0000 signataires non commerciaux bas\u00e9s dans plus de 160 pays et 69 r\u00e9seaux locaux, le Pacte mondial des Nations Unies est la plus grande initiative mondiale de d\u00e9veloppement durable des entreprises \u2013 un Pacte mondial unissant les entreprises pour un monde meilleur.<\/p>\n<p>Pour plus d&rsquo;informations, suivez <a href=\"https:\/\/twitter.com\/globalcompact\">@globalcompact<\/a> sur les r\u00e9seaux sociaux et visitez notre site Web \u00e0 l&rsquo;adresse <a href=\"https:\/\/unglobalcompact.org\/\">unglobalcompact.org<\/a>.<\/p>\n<\/div><!-- .paragraph_block -->\n\n\n    <div class=\"heading_block heading_block--three\">\n        <h3>\u00c0 propos du Helpdesk Entreprises et Droits de l&rsquo;Homme<\/h3>\n    <\/div><!-- .heading -->\n\n\n<div class=\"image_block image_block--small\">\n    <figure class=\"image_block__figure\">\n        <img loading=\"lazy\" decoding=\"async\" width=\"1215\" height=\"676\" src=\"https:\/\/bhr-navigator.unglobalcompact.org\/wp-content\/uploads\/2024\/03\/PT_Helpdesk-EN.png\" class=\"attachment-medium size-medium\" alt=\"\" srcset=\"https:\/\/bhr-navigator.unglobalcompact.org\/wp-content\/uploads\/2024\/03\/PT_Helpdesk-EN.png 1215w, https:\/\/bhr-navigator.unglobalcompact.org\/wp-content\/uploads\/2024\/03\/PT_Helpdesk-EN-768x427.png 768w\" sizes=\"auto, (max-width: 1215px) 100vw, 1215px\" \/>    <\/figure><!-- .image_block__figure -->\n<\/div><!-- .image_block -->\n\n\n<div class=\"paragraph_block reading_content\">\n    <p>Le Helpdesk Entreprises et Droits de l\u2019Homme est un service d\u2019assistance gratuit du gouvernement f\u00e9d\u00e9ral allemand. Nous conseillons individuellement, confidentiellement et gratuitement des entreprises de toutes tailles en mati\u00e8re de diligence raisonnable s\u2019agissant des droits de l&rsquo;homme. Nos conseillers exp\u00e9riment\u00e9s servent de point de contact pour des conseils initiaux et des r\u00e9f\u00e9rences, et vous aident \u00e0 int\u00e9grer des normes environnementales et sociales tout au long de votre cha\u00eene d&rsquo;approvisionnement et de valeur. Nos services comprennent \u00e9galement des formations sur mesure, des \u00e9v\u00e9nements vari\u00e9s, un accompagnement projet et des outils en ligne gratuits.<\/p>\n<p>Le Helpdesk est situ\u00e9 au sein de l&rsquo;Agence pour le d\u00e9veloppement des entreprises et de l&rsquo;\u00e9conomie (AWE). L&rsquo;AWE est financ\u00e9e par le minist\u00e8re f\u00e9d\u00e9ral allemand de la Coop\u00e9ration \u00e9conomique et du D\u00e9veloppement (BMZ) et ses agences d&rsquo;ex\u00e9cution sont la Deutsche Gesellschaft f\u00fcr internationale Zusammenarbeit (GIZ) GmbH et la DEG \u2014 Deutsche Investitions- und Entwicklungsgesellschaft mbH, une filiale de la KfW Bankengruppe.<\/p>\n<p>Pour plus d&rsquo;informations, suivez <a href=\"https:\/\/www.linkedin.com\/company\/helpdesk-wirtschaft-menschenrechte\/\">@HelpdeskWiMR<\/a> sur les r\u00e9seaux sociaux et visitez notre site Web \u00e0 l&rsquo;adresse <a href=\"https:\/\/wirtschaft-entwicklung.de\/en\/helpdesk-on-business-human-rights\/\">www.helpdeskwimr.com<\/a>.<\/p>\n<\/div><!-- .paragraph_block -->\n\n\n    <div class=\"heading_block heading_block--three\">\n        <h3>\u00c0 propos de Verisk Maplecroft<\/h3>\n    <\/div><!-- .heading -->\n\n\n<div class=\"image_block image_block--small\">\n    <figure class=\"image_block__figure\">\n        <img loading=\"lazy\" decoding=\"async\" width=\"1022\" height=\"309\" src=\"https:\/\/bhr-navigator.unglobalcompact.org\/wp-content\/uploads\/2022\/03\/veriskMplMpl_h_full-color_rgb.png\" class=\"attachment-medium size-medium\" alt=\"\" srcset=\"https:\/\/bhr-navigator.unglobalcompact.org\/wp-content\/uploads\/2022\/03\/veriskMplMpl_h_full-color_rgb.png 1022w, https:\/\/bhr-navigator.unglobalcompact.org\/wp-content\/uploads\/2022\/03\/veriskMplMpl_h_full-color_rgb-768x232.png 768w\" sizes=\"auto, (max-width: 1022px) 100vw, 1022px\" \/>    <\/figure><!-- .image_block__figure -->\n<\/div><!-- .image_block -->\n\n\n<div class=\"paragraph_block reading_content\">\n    <p>Alors que les organisations s&rsquo;efforcent de comprendre et de s&rsquo;adapter \u00e0 un monde en \u00e9volution rapide, Verisk Maplecroft leur permet de placer l&rsquo;environnement, les droits de l&rsquo;homme et les risques politiques au c\u0153ur de leur prise de d\u00e9cision. Pour ce faire, nous fournissons des renseignements sans pr\u00e9c\u00e9dent sur la durabilit\u00e9, la r\u00e9silience et l\u2019ESG, en regroupant ces questions disparates dans une vision mondiale interconnect\u00e9e, fond\u00e9e sur des informations et des donn\u00e9es objectives. En consid\u00e9rant ces questions dans leur ensemble, nous capturons ce qui compte le plus pour nos partenaires\u00a0; rendons possibles des r\u00e9sultats positifs dans un contexte en \u00e9volution rapide ; aidons les individus, les entreprises et les soci\u00e9t\u00e9s \u00e0 devenir plus forts\u00a0; cr\u00e9ons de la valeur avec des valeurs. Verisk Maplecroft est une entreprise Verisk (Nasdaq : VRSK).<\/p>\n<p>Pour plus d\u2019informations, suivez <a href=\"https:\/\/twitter.com\/maplecroftrisk\">@MaplecroftRisk<\/a> sur les r\u00e9seaux sociaux et visitez notre site Web \u00e0 <a href=\"https:\/\/twitter.com\/maplecroftrisk\">maplecroft.com<\/a>.<\/p>\n<\/div><!-- .paragraph_block -->\n","protected":false},"excerpt":{"rendered":"","protected":false},"author":31,"featured_media":0,"parent":0,"menu_order":0,"comment_status":"closed","ping_status":"closed","template":"","meta":{"_acf_changed":false,"inline_featured_image":false,"footnotes":""},"class_list":["post-25885","page","type-page","status-publish","hentry"],"acf":{"page_header_image":"","page_footnotes":[{"page_footnote":"Pour plus d\u2019informations sur les UNGP, veuillez vous r\u00e9f\u00e9rer aux Principes directeurs relatifs aux entreprises et aux droits de l\u2019homme."},{"page_footnote":"Visitez le site Web du Pacte mondial des Nations Unies pour en savoir plus sur leurs dix principes."},{"page_footnote":"Pour plus d\u2019informations sur les UNGP, veuillez vous r\u00e9f\u00e9rer aux Principes directeurs relatifs aux entreprises et aux droits de l\u2019homme."}]},"yoast_head":"<!-- This site is optimized with the Yoast SEO plugin v27.1.1 - https:\/\/yoast.com\/product\/yoast-seo-wordpress\/ -->\n<title>\u00c0 propos &#8226; Navigateur des entreprises et des droits de l&#039;homme<\/title>\n<meta name=\"robots\" content=\"index, follow, max-snippet:-1, max-image-preview:large, max-video-preview:-1\" \/>\n<link rel=\"canonical\" href=\"https:\/\/bhr-navigator.unglobalcompact.org\/fr\/a-propos\/\" \/>\n<meta property=\"og:locale\" content=\"fr_FR\" \/>\n<meta property=\"og:type\" content=\"article\" \/>\n<meta property=\"og:title\" content=\"\u00c0 propos &#8226; Navigateur des entreprises et des droits de l&#039;homme\" \/>\n<meta property=\"og:url\" content=\"https:\/\/bhr-navigator.unglobalcompact.org\/fr\/a-propos\/\" \/>\n<meta property=\"og:site_name\" content=\"Navigateur des entreprises et des droits de l&#039;homme\" \/>\n<meta property=\"article:modified_time\" content=\"2025-05-13T12:40:55+00:00\" \/>\n<meta name=\"twitter:card\" content=\"summary_large_image\" \/>\n<script type=\"application\/ld+json\" class=\"yoast-schema-graph\">{\"@context\":\"https:\/\/schema.org\",\"@graph\":[{\"@type\":\"WebPage\",\"@id\":\"https:\/\/bhr-navigator.unglobalcompact.org\/fr\/a-propos\/\",\"url\":\"https:\/\/bhr-navigator.unglobalcompact.org\/fr\/a-propos\/\",\"name\":\"\u00c0 propos &#8226; Navigateur des entreprises et des droits de l&#039;homme\",\"isPartOf\":{\"@id\":\"https:\/\/bhr-navigator.unglobalcompact.org\/fr\/?lang=es\/#website\"},\"datePublished\":\"2024-07-15T17:18:39+00:00\",\"dateModified\":\"2025-05-13T12:40:55+00:00\",\"inLanguage\":\"fr-FR\",\"potentialAction\":[{\"@type\":\"ReadAction\",\"target\":[\"https:\/\/bhr-navigator.unglobalcompact.org\/fr\/a-propos\/\"]}]},{\"@type\":\"WebSite\",\"@id\":\"https:\/\/bhr-navigator.unglobalcompact.org\/fr\/?lang=es\/#website\",\"url\":\"https:\/\/bhr-navigator.unglobalcompact.org\/fr\/?lang=es\/\",\"name\":\"Navigateur des entreprises et des droits de l&#039;homme\",\"description\":\"Cr\u00e9ation en partenariat avec le Helpdesk Entreprises &amp; Droits de l&#039;Homme\",\"publisher\":{\"@id\":\"https:\/\/bhr-navigator.unglobalcompact.org\/fr\/?lang=es\/#organization\"},\"potentialAction\":[{\"@type\":\"SearchAction\",\"target\":{\"@type\":\"EntryPoint\",\"urlTemplate\":\"https:\/\/bhr-navigator.unglobalcompact.org\/fr\/?lang=es\/?s={search_term_string}\"},\"query-input\":{\"@type\":\"PropertyValueSpecification\",\"valueRequired\":true,\"valueName\":\"search_term_string\"}}],\"inLanguage\":\"fr-FR\"},{\"@type\":\"Organization\",\"@id\":\"https:\/\/bhr-navigator.unglobalcompact.org\/fr\/?lang=es\/#organization\",\"name\":\"Business & Human Rights Navigator\",\"url\":\"https:\/\/bhr-navigator.unglobalcompact.org\/fr\/?lang=es\/\",\"logo\":{\"@type\":\"ImageObject\",\"inLanguage\":\"fr-FR\",\"@id\":\"https:\/\/bhr-navigator.unglobalcompact.org\/fr\/?lang=es\/#\/schema\/logo\/image\/\",\"url\":\"https:\/\/bhr-navigator.unglobalcompact.org\/wp-content\/uploads\/2022\/03\/un_logo.svg\",\"contentUrl\":\"https:\/\/bhr-navigator.unglobalcompact.org\/wp-content\/uploads\/2022\/03\/un_logo.svg\",\"width\":\"1680\",\"height\":\"1280\",\"caption\":\"Business & Human Rights Navigator\"},\"image\":{\"@id\":\"https:\/\/bhr-navigator.unglobalcompact.org\/fr\/?lang=es\/#\/schema\/logo\/image\/\"}}]}<\/script>\n<!-- \/ Yoast SEO plugin. -->","yoast_head_json":{"title":"\u00c0 propos &#8226; Navigateur des entreprises et des droits de l&#039;homme","robots":{"index":"index","follow":"follow","max-snippet":"max-snippet:-1","max-image-preview":"max-image-preview:large","max-video-preview":"max-video-preview:-1"},"canonical":"https:\/\/bhr-navigator.unglobalcompact.org\/fr\/a-propos\/","og_locale":"fr_FR","og_type":"article","og_title":"\u00c0 propos &#8226; Navigateur des entreprises et des droits de l&#039;homme","og_url":"https:\/\/bhr-navigator.unglobalcompact.org\/fr\/a-propos\/","og_site_name":"Navigateur des entreprises et des droits de l&#039;homme","article_modified_time":"2025-05-13T12:40:55+00:00","twitter_card":"summary_large_image","schema":{"@context":"https:\/\/schema.org","@graph":[{"@type":"WebPage","@id":"https:\/\/bhr-navigator.unglobalcompact.org\/fr\/a-propos\/","url":"https:\/\/bhr-navigator.unglobalcompact.org\/fr\/a-propos\/","name":"\u00c0 propos &#8226; Navigateur des entreprises et des droits de l&#039;homme","isPartOf":{"@id":"https:\/\/bhr-navigator.unglobalcompact.org\/fr\/?lang=es\/#website"},"datePublished":"2024-07-15T17:18:39+00:00","dateModified":"2025-05-13T12:40:55+00:00","inLanguage":"fr-FR","potentialAction":[{"@type":"ReadAction","target":["https:\/\/bhr-navigator.unglobalcompact.org\/fr\/a-propos\/"]}]},{"@type":"WebSite","@id":"https:\/\/bhr-navigator.unglobalcompact.org\/fr\/?lang=es\/#website","url":"https:\/\/bhr-navigator.unglobalcompact.org\/fr\/?lang=es\/","name":"Navigateur des entreprises et des droits de l&#039;homme","description":"Cr\u00e9ation en partenariat avec le Helpdesk Entreprises &amp; Droits de l&#039;Homme","publisher":{"@id":"https:\/\/bhr-navigator.unglobalcompact.org\/fr\/?lang=es\/#organization"},"potentialAction":[{"@type":"SearchAction","target":{"@type":"EntryPoint","urlTemplate":"https:\/\/bhr-navigator.unglobalcompact.org\/fr\/?lang=es\/?s={search_term_string}"},"query-input":{"@type":"PropertyValueSpecification","valueRequired":true,"valueName":"search_term_string"}}],"inLanguage":"fr-FR"},{"@type":"Organization","@id":"https:\/\/bhr-navigator.unglobalcompact.org\/fr\/?lang=es\/#organization","name":"Business & Human Rights Navigator","url":"https:\/\/bhr-navigator.unglobalcompact.org\/fr\/?lang=es\/","logo":{"@type":"ImageObject","inLanguage":"fr-FR","@id":"https:\/\/bhr-navigator.unglobalcompact.org\/fr\/?lang=es\/#\/schema\/logo\/image\/","url":"https:\/\/bhr-navigator.unglobalcompact.org\/wp-content\/uploads\/2022\/03\/un_logo.svg","contentUrl":"https:\/\/bhr-navigator.unglobalcompact.org\/wp-content\/uploads\/2022\/03\/un_logo.svg","width":"1680","height":"1280","caption":"Business & Human Rights Navigator"},"image":{"@id":"https:\/\/bhr-navigator.unglobalcompact.org\/fr\/?lang=es\/#\/schema\/logo\/image\/"}}]}},"_links":{"self":[{"href":"https:\/\/bhr-navigator.unglobalcompact.org\/fr\/wp-json\/wp\/v2\/pages\/25885","targetHints":{"allow":["GET"]}}],"collection":[{"href":"https:\/\/bhr-navigator.unglobalcompact.org\/fr\/wp-json\/wp\/v2\/pages"}],"about":[{"href":"https:\/\/bhr-navigator.unglobalcompact.org\/fr\/wp-json\/wp\/v2\/types\/page"}],"author":[{"embeddable":true,"href":"https:\/\/bhr-navigator.unglobalcompact.org\/fr\/wp-json\/wp\/v2\/users\/31"}],"replies":[{"embeddable":true,"href":"https:\/\/bhr-navigator.unglobalcompact.org\/fr\/wp-json\/wp\/v2\/comments?post=25885"}],"version-history":[{"count":3,"href":"https:\/\/bhr-navigator.unglobalcompact.org\/fr\/wp-json\/wp\/v2\/pages\/25885\/revisions"}],"predecessor-version":[{"id":26709,"href":"https:\/\/bhr-navigator.unglobalcompact.org\/fr\/wp-json\/wp\/v2\/pages\/25885\/revisions\/26709"}],"wp:attachment":[{"href":"https:\/\/bhr-navigator.unglobalcompact.org\/fr\/wp-json\/wp\/v2\/media?parent=25885"}],"curies":[{"name":"wp","href":"https:\/\/api.w.org\/{rel}","templated":true}]}}