{"id":25869,"date":"2021-09-08T13:34:52","date_gmt":"2021-09-08T12:34:52","guid":{"rendered":"https:\/\/bhr-navigator.unglobalcompact.org\/?page_id=25869"},"modified":"2025-03-26T11:34:21","modified_gmt":"2025-03-26T11:34:21","slug":"page-a-venir","status":"publish","type":"page","link":"https:\/\/bhr-navigator.unglobalcompact.org\/fr\/","title":{"rendered":"Nous guidons les entreprises du monde entier dans leurs efforts pour mieux comprendre et traiter les impacts sur les droits de l&rsquo;homme dans leurs op\u00e9rations et leurs cha\u00eenes d&rsquo;approvisionnement"},"content":{"rendered":"<div class=\"link-box-block\"><div class=\"link-box\"><div class=\"link-box-title\">Exemples pratiques<\/div><div class=\"link-box-description\">Les exemples pratiques peuvent aider les entreprises \u00e0 identifier et \u00e0 adopter des strat\u00e9gies et solutions efficaces. Ces exemples peuvent aussi offrir une occasion d\u2019apprendre des meilleures pratiques, et de surmonter les d\u00e9fis existants. Acc\u00e9der aux exemples pratiques.<\/div><div class=\"link-box-link\"><a href=\"\/case_studies\/\">Acc\u00e9der aux exemples pratiques<\/a><\/div><\/div><div class=\"link-box\"><div class=\"link-box-title\">Ressources cl\u00e9s<\/div><div class=\"link-box-description\">Cette page est un recueil de ressources cl\u00e9s, incluses dans plusieurs th\u00e9matiques. Cliquez sur chaque ressource pour acc\u00e9der \u00e0 des informations suppl\u00e9mentaires.\r\nAcc\u00e9der aux ressources cl\u00e9s. <\/div><div class=\"link-box-link\"><a href=\"\/key_resources\/\">Acc\u00e9der aux ressources cl\u00e9s<\/a><\/div><\/div><\/div>","protected":false},"excerpt":{"rendered":"<p>Nous guidons les entreprises du monde entier dans leurs efforts pour mieux comprendre et traiter les impacts sur les droits de l&rsquo;homme dans leurs op\u00e9rations et leurs cha\u00eenes d&rsquo;approvisionnement<\/p>\n","protected":false},"author":31,"featured_media":25879,"parent":0,"menu_order":0,"comment_status":"closed","ping_status":"closed","template":"","meta":{"_acf_changed":false,"inline_featured_image":false,"footnotes":""},"class_list":["post-25869","page","type-page","status-publish","has-post-thumbnail","hentry"],"acf":{"page_header_image":25879,"page_footnotes":null},"yoast_head":"<!-- This site is optimized with the Yoast SEO plugin v27.1.1 - https:\/\/yoast.com\/product\/yoast-seo-wordpress\/ -->\n<title>Nous guidons les entreprises du monde entier dans leurs efforts pour mieux comprendre et traiter les impacts sur les droits de l&#039;homme dans leurs op\u00e9rations et leurs cha\u00eenes d&#039;approvisionnement &#8226; Navigateur des entreprises et des droits de l&#039;homme<\/title>\n<meta name=\"robots\" content=\"index, follow, max-snippet:-1, max-image-preview:large, max-video-preview:-1\" \/>\n<link rel=\"canonical\" href=\"https:\/\/bhr-navigator.unglobalcompact.org\/fr\/\" \/>\n<meta property=\"og:locale\" content=\"fr_FR\" \/>\n<meta property=\"og:type\" content=\"article\" \/>\n<meta property=\"og:title\" content=\"Nous guidons les entreprises du monde entier dans leurs efforts pour mieux comprendre et traiter les impacts sur les droits de l&#039;homme dans leurs op\u00e9rations et leurs cha\u00eenes d&#039;approvisionnement &#8226; Navigateur des entreprises et des droits de l&#039;homme\" \/>\n<meta property=\"og:description\" content=\"Nous guidons les entreprises du monde entier dans leurs efforts pour mieux comprendre et traiter les impacts sur les droits de l&#039;homme dans leurs op\u00e9rations et leurs cha\u00eenes d&#039;approvisionnement\" \/>\n<meta property=\"og:url\" content=\"https:\/\/bhr-navigator.unglobalcompact.org\/fr\/\" \/>\n<meta property=\"og:site_name\" content=\"Navigateur des entreprises et des droits de l&#039;homme\" \/>\n<meta property=\"article:modified_time\" content=\"2025-03-26T11:34:21+00:00\" \/>\n<meta property=\"og:image\" content=\"https:\/\/bhr-navigator.unglobalcompact.org\/wp-content\/uploads\/2022\/01\/49846586751_4702be6d05_o-Home-page-hero-2.jpg\" \/>\n\t<meta property=\"og:image:width\" content=\"2048\" \/>\n\t<meta property=\"og:image:height\" content=\"828\" \/>\n\t<meta property=\"og:image:type\" content=\"image\/jpeg\" \/>\n<meta name=\"twitter:card\" content=\"summary_large_image\" \/>\n<script type=\"application\/ld+json\" class=\"yoast-schema-graph\">{\"@context\":\"https:\/\/schema.org\",\"@graph\":[{\"@type\":\"WebPage\",\"@id\":\"https:\/\/bhr-navigator.unglobalcompact.org\/fr\/\",\"url\":\"https:\/\/bhr-navigator.unglobalcompact.org\/fr\/\",\"name\":\"Nous guidons les entreprises du monde entier dans leurs efforts pour mieux comprendre et traiter les impacts sur les droits de l'homme dans leurs op\u00e9rations et leurs cha\u00eenes d'approvisionnement &#8226; Navigateur des entreprises et des droits de l&#039;homme\",\"isPartOf\":{\"@id\":\"https:\/\/bhr-navigator.unglobalcompact.org\/fr\/?lang=es\/#website\"},\"primaryImageOfPage\":{\"@id\":\"https:\/\/bhr-navigator.unglobalcompact.org\/fr\/#primaryimage\"},\"image\":{\"@id\":\"https:\/\/bhr-navigator.unglobalcompact.org\/fr\/#primaryimage\"},\"thumbnailUrl\":\"https:\/\/bhr-navigator.unglobalcompact.org\/wp-content\/uploads\/2022\/01\/49846586751_4702be6d05_o-Home-page-hero-2.jpg\",\"datePublished\":\"2021-09-08T12:34:52+00:00\",\"dateModified\":\"2025-03-26T11:34:21+00:00\",\"inLanguage\":\"fr-FR\",\"potentialAction\":[{\"@type\":\"ReadAction\",\"target\":[\"https:\/\/bhr-navigator.unglobalcompact.org\/fr\/\"]}]},{\"@type\":\"ImageObject\",\"inLanguage\":\"fr-FR\",\"@id\":\"https:\/\/bhr-navigator.unglobalcompact.org\/fr\/#primaryimage\",\"url\":\"https:\/\/bhr-navigator.unglobalcompact.org\/wp-content\/uploads\/2022\/01\/49846586751_4702be6d05_o-Home-page-hero-2.jpg\",\"contentUrl\":\"https:\/\/bhr-navigator.unglobalcompact.org\/wp-content\/uploads\/2022\/01\/49846586751_4702be6d05_o-Home-page-hero-2.jpg\",\"width\":2048,\"height\":828},{\"@type\":\"WebSite\",\"@id\":\"https:\/\/bhr-navigator.unglobalcompact.org\/fr\/?lang=es\/#website\",\"url\":\"https:\/\/bhr-navigator.unglobalcompact.org\/fr\/?lang=es\/\",\"name\":\"Navigateur des entreprises et des droits de l&#039;homme\",\"description\":\"Cr\u00e9ation en partenariat avec le Helpdesk Entreprises &amp; Droits de l&#039;Homme\",\"publisher\":{\"@id\":\"https:\/\/bhr-navigator.unglobalcompact.org\/fr\/?lang=es\/#organization\"},\"potentialAction\":[{\"@type\":\"SearchAction\",\"target\":{\"@type\":\"EntryPoint\",\"urlTemplate\":\"https:\/\/bhr-navigator.unglobalcompact.org\/fr\/?lang=es\/?s={search_term_string}\"},\"query-input\":{\"@type\":\"PropertyValueSpecification\",\"valueRequired\":true,\"valueName\":\"search_term_string\"}}],\"inLanguage\":\"fr-FR\"},{\"@type\":\"Organization\",\"@id\":\"https:\/\/bhr-navigator.unglobalcompact.org\/fr\/?lang=es\/#organization\",\"name\":\"Business & Human Rights Navigator\",\"url\":\"https:\/\/bhr-navigator.unglobalcompact.org\/fr\/?lang=es\/\",\"logo\":{\"@type\":\"ImageObject\",\"inLanguage\":\"fr-FR\",\"@id\":\"https:\/\/bhr-navigator.unglobalcompact.org\/fr\/?lang=es\/#\/schema\/logo\/image\/\",\"url\":\"https:\/\/bhr-navigator.unglobalcompact.org\/wp-content\/uploads\/2022\/03\/un_logo.svg\",\"contentUrl\":\"https:\/\/bhr-navigator.unglobalcompact.org\/wp-content\/uploads\/2022\/03\/un_logo.svg\",\"width\":\"1680\",\"height\":\"1280\",\"caption\":\"Business & Human Rights Navigator\"},\"image\":{\"@id\":\"https:\/\/bhr-navigator.unglobalcompact.org\/fr\/?lang=es\/#\/schema\/logo\/image\/\"}}]}<\/script>\n<!-- \/ Yoast SEO plugin. -->","yoast_head_json":{"title":"Nous guidons les entreprises du monde entier dans leurs efforts pour mieux comprendre et traiter les impacts sur les droits de l'homme dans leurs op\u00e9rations et leurs cha\u00eenes d'approvisionnement &#8226; Navigateur des entreprises et des droits de l&#039;homme","robots":{"index":"index","follow":"follow","max-snippet":"max-snippet:-1","max-image-preview":"max-image-preview:large","max-video-preview":"max-video-preview:-1"},"canonical":"https:\/\/bhr-navigator.unglobalcompact.org\/fr\/","og_locale":"fr_FR","og_type":"article","og_title":"Nous guidons les entreprises du monde entier dans leurs efforts pour mieux comprendre et traiter les impacts sur les droits de l'homme dans leurs op\u00e9rations et leurs cha\u00eenes d'approvisionnement &#8226; Navigateur des entreprises et des droits de l&#039;homme","og_description":"Nous guidons les entreprises du monde entier dans leurs efforts pour mieux comprendre et traiter les impacts sur les droits de l'homme dans leurs op\u00e9rations et leurs cha\u00eenes d'approvisionnement","og_url":"https:\/\/bhr-navigator.unglobalcompact.org\/fr\/","og_site_name":"Navigateur des entreprises et des droits de l&#039;homme","article_modified_time":"2025-03-26T11:34:21+00:00","og_image":[{"width":2048,"height":828,"url":"https:\/\/bhr-navigator.unglobalcompact.org\/wp-content\/uploads\/2022\/01\/49846586751_4702be6d05_o-Home-page-hero-2.jpg","type":"image\/jpeg"}],"twitter_card":"summary_large_image","schema":{"@context":"https:\/\/schema.org","@graph":[{"@type":"WebPage","@id":"https:\/\/bhr-navigator.unglobalcompact.org\/fr\/","url":"https:\/\/bhr-navigator.unglobalcompact.org\/fr\/","name":"Nous guidons les entreprises du monde entier dans leurs efforts pour mieux comprendre et traiter les impacts sur les droits de l'homme dans leurs op\u00e9rations et leurs cha\u00eenes d'approvisionnement &#8226; Navigateur des entreprises et des droits de l&#039;homme","isPartOf":{"@id":"https:\/\/bhr-navigator.unglobalcompact.org\/fr\/?lang=es\/#website"},"primaryImageOfPage":{"@id":"https:\/\/bhr-navigator.unglobalcompact.org\/fr\/#primaryimage"},"image":{"@id":"https:\/\/bhr-navigator.unglobalcompact.org\/fr\/#primaryimage"},"thumbnailUrl":"https:\/\/bhr-navigator.unglobalcompact.org\/wp-content\/uploads\/2022\/01\/49846586751_4702be6d05_o-Home-page-hero-2.jpg","datePublished":"2021-09-08T12:34:52+00:00","dateModified":"2025-03-26T11:34:21+00:00","inLanguage":"fr-FR","potentialAction":[{"@type":"ReadAction","target":["https:\/\/bhr-navigator.unglobalcompact.org\/fr\/"]}]},{"@type":"ImageObject","inLanguage":"fr-FR","@id":"https:\/\/bhr-navigator.unglobalcompact.org\/fr\/#primaryimage","url":"https:\/\/bhr-navigator.unglobalcompact.org\/wp-content\/uploads\/2022\/01\/49846586751_4702be6d05_o-Home-page-hero-2.jpg","contentUrl":"https:\/\/bhr-navigator.unglobalcompact.org\/wp-content\/uploads\/2022\/01\/49846586751_4702be6d05_o-Home-page-hero-2.jpg","width":2048,"height":828},{"@type":"WebSite","@id":"https:\/\/bhr-navigator.unglobalcompact.org\/fr\/?lang=es\/#website","url":"https:\/\/bhr-navigator.unglobalcompact.org\/fr\/?lang=es\/","name":"Navigateur des entreprises et des droits de l&#039;homme","description":"Cr\u00e9ation en partenariat avec le Helpdesk Entreprises &amp; Droits de l&#039;Homme","publisher":{"@id":"https:\/\/bhr-navigator.unglobalcompact.org\/fr\/?lang=es\/#organization"},"potentialAction":[{"@type":"SearchAction","target":{"@type":"EntryPoint","urlTemplate":"https:\/\/bhr-navigator.unglobalcompact.org\/fr\/?lang=es\/?s={search_term_string}"},"query-input":{"@type":"PropertyValueSpecification","valueRequired":true,"valueName":"search_term_string"}}],"inLanguage":"fr-FR"},{"@type":"Organization","@id":"https:\/\/bhr-navigator.unglobalcompact.org\/fr\/?lang=es\/#organization","name":"Business & Human Rights Navigator","url":"https:\/\/bhr-navigator.unglobalcompact.org\/fr\/?lang=es\/","logo":{"@type":"ImageObject","inLanguage":"fr-FR","@id":"https:\/\/bhr-navigator.unglobalcompact.org\/fr\/?lang=es\/#\/schema\/logo\/image\/","url":"https:\/\/bhr-navigator.unglobalcompact.org\/wp-content\/uploads\/2022\/03\/un_logo.svg","contentUrl":"https:\/\/bhr-navigator.unglobalcompact.org\/wp-content\/uploads\/2022\/03\/un_logo.svg","width":"1680","height":"1280","caption":"Business & Human Rights Navigator"},"image":{"@id":"https:\/\/bhr-navigator.unglobalcompact.org\/fr\/?lang=es\/#\/schema\/logo\/image\/"}}]}},"_links":{"self":[{"href":"https:\/\/bhr-navigator.unglobalcompact.org\/fr\/wp-json\/wp\/v2\/pages\/25869","targetHints":{"allow":["GET"]}}],"collection":[{"href":"https:\/\/bhr-navigator.unglobalcompact.org\/fr\/wp-json\/wp\/v2\/pages"}],"about":[{"href":"https:\/\/bhr-navigator.unglobalcompact.org\/fr\/wp-json\/wp\/v2\/types\/page"}],"author":[{"embeddable":true,"href":"https:\/\/bhr-navigator.unglobalcompact.org\/fr\/wp-json\/wp\/v2\/users\/31"}],"replies":[{"embeddable":true,"href":"https:\/\/bhr-navigator.unglobalcompact.org\/fr\/wp-json\/wp\/v2\/comments?post=25869"}],"version-history":[{"count":10,"href":"https:\/\/bhr-navigator.unglobalcompact.org\/fr\/wp-json\/wp\/v2\/pages\/25869\/revisions"}],"predecessor-version":[{"id":26531,"href":"https:\/\/bhr-navigator.unglobalcompact.org\/fr\/wp-json\/wp\/v2\/pages\/25869\/revisions\/26531"}],"wp:featuredmedia":[{"embeddable":true,"href":"https:\/\/bhr-navigator.unglobalcompact.org\/fr\/wp-json\/wp\/v2\/media\/25879"}],"wp:attachment":[{"href":"https:\/\/bhr-navigator.unglobalcompact.org\/fr\/wp-json\/wp\/v2\/media?parent=25869"}],"curies":[{"name":"wp","href":"https:\/\/api.w.org\/{rel}","templated":true}]}}