{"id":25273,"date":"2024-07-15T18:18:39","date_gmt":"2024-07-15T17:18:39","guid":{"rendered":"https:\/\/bhr-navigator.unglobalcompact.org\/?page_id=25273"},"modified":"2025-05-13T14:23:45","modified_gmt":"2025-05-13T13:23:45","slug":"acerca-de","status":"publish","type":"page","link":"https:\/\/bhr-navigator.unglobalcompact.org\/es\/acerca-de\/","title":{"rendered":"Sobre el Navigator"},"content":{"rendered":"    <div class=\"heading_block heading_block--two\">\n        <h2>Introducci\u00f3n a las empresas y los derechos humanos<\/h2>\n    <\/div><!-- .heading -->\n\n\n<div class=\"paragraph_block reading_content\">\n    <p>Bajo el marco de las Naciones Unidas \u00abProteger, Respetar y Remediar\u00bb, es deber de los gobiernos nacionales\u00a0<b>proteger<\/b>\u00a0a las personas dentro de su territorio y\/o jurisdicci\u00f3n contra los abusos de los derechos humanos cometidos por terceros, incluidas las empresas. Al mismo tiempo, se espera que las empresas\u00a0<b>respeten<\/b>\u00a0los derechos humanos\u00a0<strong>\u2014<\/strong>\u00a0no infringiendo los derechos de los dem\u00e1s (directa o indirectamente). Tambi\u00e9n se espera que tanto los Estados como las empresas permitan el acceso a\u00a0<b>remediaci\u00f3n<\/b>\u00a0efectiva (tanto judicial como no judicial) para las v\u00edctimas de violaciones de los derechos humanos cuando ocurran.<\/p>\n<p>Como est\u00e1ndar global autorizado sobre conducta empresarial en relaci\u00f3n con los derechos humanos, los Principios Rectores sobre las Empresas y los Derechos Humanos (<a href=\"https:\/\/www.ohchr.org\/documents\/publications\/guidingprinciplesbusinesshr_sp.pdf\" target=\"_blank\" rel=\"external noopener noreferrer\" data-wpel-link=\"external\">Principios Rectores<\/a>) de Naciones Unidas ofrecen una gu\u00eda de alto nivel sobre c\u00f3mo las empresas pueden hacer operativas sus obligaciones bajo el marco de \u00abProteger, respetar, remediar\u00bb.<a class=\"footnote_anchor\" href=\"https:\/\/bhr-navigator.unglobalcompact.org\/introduccion\/?lang=es#footnote-1\"><sup>[1]<\/sup><\/a>\u00a0Respaldados un\u00e1nimemente por el Consejo de Derechos Humanos de Naciones Unidas en 2011, los Principios Rectores establecen las expectativas de los Estados y las empresas sobre c\u00f3mo prevenir y abordar los impactos negativos sobre los derechos humanos por parte de las empresas. El dilema para las empresas responsables es c\u00f3mo respetar los derechos humanos en la pr\u00e1ctica, particularmente cuando enfrentan contextos sociales, pol\u00edticos y econ\u00f3micos complejos o situaciones que no tienen soluciones sencillas y directas.<\/p>\n<\/div><!-- .paragraph_block -->\n\n\n<div class=\"video_block\">\n    <div class=\"video_block__inner\">\n        <div class=\"video_block__embed_container\">\n            <iframe loading=\"lazy\" title=\"Business and Human Rights Navigator - About video\" src=\"https:\/\/player.vimeo.com\/video\/908667046?dnt=1&amp;app_id=122963\" width=\"640\" height=\"360\" frameborder=\"0\" allow=\"autoplay; fullscreen; picture-in-picture; clipboard-write; encrypted-media; web-share\" referrerpolicy=\"strict-origin-when-cross-origin\"><\/iframe>        <\/div><!-- .video_block__embed_container -->\n                    <span class=\"video_block__caption\">Este video est\u00e1 disponible actualmente solo en ingl\u00e9s. Pr\u00f3ximamente estar\u00e1 disponible la versi\u00f3n en espa\u00f1ol.<\/span>\n            <\/div><!-- .video_block__inner -->\n<\/div><!-- .video_block -->\n\n\n    <div class=\"heading_block heading_block--three\">\n        <h3>Sobre el Navigator: Plataforma de empresas y derechos humanos<\/h3>\n    <\/div><!-- .heading -->\n\n\n<div class=\"paragraph_block reading_content\">\n    <p>El Navigator: Plataforma de empresas y derechos humanos tiene como objetivo ayudar a las empresas a comprender mejor los problemas de derechos humanos m\u00e1s comunes con los que pueden entrar en contacto\u00a0<strong>\u2014<\/strong>\u00a0ya sea a trav\u00e9s de sus propias operaciones o su cadena de suministro\u00a0<strong>\u2014<\/strong>\u00a0y c\u00f3mo se pueden gestionar. Esto incluye los siguientes pasos de diligencia debida descritos en los Principios Rectores:<\/p>\n<ul>\n<li>Desarrollo de pol\u00edticas<\/li>\n<li>Evaluaci\u00f3n de impacto<\/li>\n<li>Integraci\u00f3n\/acciones para abordar los impactos<\/li>\n<li>Seguimiento del rendimiento<\/li>\n<li>Comunicaci\u00f3n del desempe\u00f1o<\/li>\n<li>Mecanismos de reparaci\u00f3n y reclamaci\u00f3n<\/li>\n<\/ul>\n<p>Explora las\u00a0cuestiones clave\u00a0y los\u00a0casos de estudio\u00a0asociados para que su empresa est\u00e9 mejor preparada para gestionar sus riesgos directos e indirectos de derechos humanos. Cada cuesti\u00f3n clave incluye:<\/p>\n<ul>\n<li>Una visi\u00f3n general de la cuesti\u00f3n de los derechos humanos<\/li>\n<li>Factores de riesgo para industrias clave<\/li>\n<li>Sugerencias de debida diligencia<\/li>\n<li>Casos de estudio<\/li>\n<li>Recursos adicionales recomendados<\/li>\n<\/ul>\n<p>El Navigator se fundamenta en los\u00a0<a href=\"https:\/\/www.unglobalcompact.org\/what-is-gc\/mission\/principles\" target=\"_blank\" rel=\"external noopener noreferrer\" data-wpel-link=\"external\">Diez Principios del Pacto Mundial de las Naciones Unidas<\/a><a class=\"footnote_anchor\" href=\"https:\/\/bhr-navigator.unglobalcompact.org\/acerca-de\/?lang=es#footnote-1\"><sup>[1]<\/sup><\/a>\u00a0y\u00a0los\u00a0<a href=\"https:\/\/www.ohchr.org\/documents\/publications\/guidingprinciplesbusinesshr_sp.pdf\" target=\"_blank\" rel=\"external noopener noreferrer\" data-wpel-link=\"external\">Principios Rectores de las Naciones Unidas sobre las Empresas y los Derechos Humanos<\/a><a class=\"footnote_anchor\" href=\"https:\/\/bhr-navigator.unglobalcompact.org\/acerca-de\/?lang=es#footnote-2\"><sup>[2]<\/sup><\/a>\u00a0y est\u00e1 alineado con estos. El objetivo del Navigator es mejorar la comprensi\u00f3n por parte de las empresas de c\u00f3mo pueden entenderse y aplicarse los Principios Rectores de las Naciones Unidas sobre las Empresas y los Derechos Humanos en t\u00e9rminos pr\u00e1cticos, remiti\u00e9ndose en especial a algunos de los temas m\u00e1s comunes en materia de derechos humanos para las empresas.<\/p>\n<p>El\u00a0<a href=\"https:\/\/unglobalcompact.org\/\" target=\"_blank\" rel=\"external noopener noreferrer\" data-wpel-link=\"external\">Pacto Mundial de las Naciones Unidas<\/a>\u00a0ha producido el Navigator en colaboraci\u00f3n con el\u00a0<a href=\"https:\/\/wirtschaft-entwicklung.de\/en\/helpdesk-on-business-human-rights\" target=\"_blank\" rel=\"external noopener noreferrer\" data-wpel-link=\"external\">Helpdesk sobre Empresas y Derechos Humanos<\/a>\u00a0del Gobierno alem\u00e1n y\u00a0<a href=\"https:\/\/www.maplecroft.com\/\" target=\"_blank\" rel=\"external noopener noreferrer\" data-wpel-link=\"external\">Verisk Maplecroft<\/a>. Est\u00e1\u00a0<a href=\"https:\/\/wirtschaft-entwicklung.de\/en\/imprint\/\" target=\"_blank\" rel=\"external noopener noreferrer\" data-wpel-link=\"external\">financiado<\/a>\u00a0por el Helpdesk sobre Empresas y Derechos Humanos del Gobierno alem\u00e1n.\u00a0<a href=\"https:\/\/www.globalcompact.de\/\" target=\"_blank\" rel=\"external noopener noreferrer\" data-wpel-link=\"external\">La Red del Pacto Mundial en Alemania<\/a>\u00a0ha asesorado al proyecto en calidad de socio conceptual.<\/p>\n<p>Los recursos se han desarrollado en coordinaci\u00f3n con\u00a0<a href=\"https:\/\/www.ohchr.org\/\" target=\"_blank\" rel=\"external noopener noreferrer\" data-wpel-link=\"external\">ONU-Derechos Humanos (ACNUDH)<\/a>. La\u00a0<a href=\"https:\/\/www.ilo.org\/global\/about-the-ilo\/who-we-are\/international-labour-office\/lang--es\/index.htm\" target=\"_blank\" rel=\"external noopener noreferrer\" data-wpel-link=\"external\">Organizaci\u00f3n Internacional del Trabajo (OIT)<\/a>\u00a0prest\u00f3 asistencia t\u00e9cnica sobre los principios de las normas laborales internacionales que ata\u00f1en a las actividades de las empresas. El Navegador cuenta adem\u00e1s con el apoyo de un subgrupo de la Red Local del Pacto Mundial formado por:\u00a0<a href=\"https:\/\/unglobalcompact.org.au\/\" data-wpel-link=\"internal\">Australia<\/a>,\u00a0<a href=\"http:\/\/www.pactoglobal.org.br\/\" target=\"_blank\" rel=\"external noopener noreferrer\" data-wpel-link=\"external\">Brasil<\/a>,\u00a0<a href=\"https:\/\/globalcompact.ca\/\" target=\"_blank\" rel=\"external noopener noreferrer\" data-wpel-link=\"external\">Canad\u00e1<\/a>,\u00a0<a href=\"https:\/\/globalcompact.ge\/en\/globaluri-shetankhmebis-saqartvelos-qseli\/\" target=\"_blank\" rel=\"external noopener noreferrer\" data-wpel-link=\"external\">Georgia<\/a>,\u00a0<a href=\"https:\/\/www.ungcjn.org\/\" target=\"_blank\" rel=\"external noopener noreferrer\" data-wpel-link=\"external\">Jap\u00f3n<\/a>,\u00a0<a href=\"https:\/\/unglobalcompactng.org\/\" target=\"_blank\" rel=\"external noopener noreferrer\" data-wpel-link=\"external\">Nigeria<\/a>,\u00a0<a href=\"https:\/\/pactomundial.org\/\" target=\"_blank\" rel=\"external noopener noreferrer\" data-wpel-link=\"external\">Espa\u00f1a<\/a>\u00a0y el\u00a0<a href=\"https:\/\/www.unglobalcompact.org.uk\/\" target=\"_blank\" rel=\"external noopener noreferrer\" data-wpel-link=\"external\">Reino Unido<\/a>.<\/p>\n<p>El Navigator se basa en el trabajo realizado anteriormente en el\u00a0<i>Foro sobre Derechos Humanos y Dilemas Empresariales<\/i>, desarrollado por el Pacto Mundial de las Naciones Unidas en colaboraci\u00f3n con Verisk Maplecroft y financiado por la Fundaci\u00f3n GE.<\/p>\n<\/div><!-- .paragraph_block -->\n\n\n<div class=\"callout_content_block blue\">\n    <div class=\"callout_content_block__inner\">\n                    <div class=\"callout_content_block__heading\">\n                                    <h3>Exenci\u00f3n de responsabilidad<\/h3>\n                            <\/div><!-- .callout_content_block__heading -->\n                <div class=\"callout_content_block__reading_content reading_content\">\n            <p>El contenido de este sitio web debe considerarse \u00fanicamente como una fuente de informaci\u00f3n y an\u00e1lisis. No se facilita, ni debe tomarse, como asesoramiento legal y el proveedor de la informaci\u00f3n no ser\u00e1 responsable de ninguna p\u00e9rdida directa o consecuente por haber confiado en la informaci\u00f3n aqu\u00ed contenida.<\/p>\n<p>Los casos de estudio no eval\u00faan si las medidas presentadas cumplen con los requisitos de los Principios Rectores sobre las Empresas y los Derechos Humanos de Naciones Unidas (Principios Rectores). El objetivo es m\u00e1s bien demostrar la viabilidad de la gesti\u00f3n de la diligencia debida en materia de derechos humanos y ofrecer a las empresas sugerencias para su propia implementaci\u00f3n.<\/p>\n<p>La inclusi\u00f3n de ejemplos de empresas se realiza con fines estrictamente de aprendizaje y no constituye un respaldo a las empresas individuales. Salvo que se indique lo contrario, el contenido no pretende reflejar las posiciones, opiniones o puntos de vista oficiales de las Naciones Unidas o del Gobierno alem\u00e1n.<\/p>\n        <\/div><!-- .callout_content_block__reading_content reading_content -->\n    <\/div><!-- .callout_content_block__inner -->\n<\/div><!-- .callout_content_block -->\n\n\n    <div class=\"heading_block heading_block--three\">\n        <h4>Acerca del Pacto Mundial de Naciones Unidas<\/h4>\n    <\/div><!-- .heading -->\n\n\n<div class=\"image_block image_block--small\">\n    <figure class=\"image_block__figure\">\n        <img loading=\"lazy\" decoding=\"async\" width=\"467\" height=\"150\" src=\"https:\/\/bhr-navigator.unglobalcompact.org\/wp-content\/uploads\/2021\/10\/un-global-compact-logo-H200.png\" class=\"attachment-medium size-medium\" alt=\"\" \/>    <\/figure><!-- .image_block__figure -->\n<\/div><!-- .image_block -->\n\n\n<div class=\"paragraph_block reading_content\">\n    <p><span style=\"font-weight: 400\">Como iniciativa especial del Secretario General de las Naciones Unidas, el Pacto Mundial de las Naciones Unidas es un llamamiento a las empresas de todo el mundo para que alineen sus operaciones y estrategias con Diez Principios en los \u00e1mbitos de los derechos humanos, el trabajo, el medioambiente y la lucha contra la corrupci\u00f3n. Nuestra ambici\u00f3n es acelerar y ampliar el impacto colectivo global de las empresas mediante la defensa de los Diez Principios y la consecuci\u00f3n de los Objetivos de Desarrollo Sostenible a trav\u00e9s de empresas y ecosistemas responsables que permitan el cambio. Con m\u00e1s de 12 000 empresas y 3 000 signatarios no comerciales con sede en m\u00e1s de 160 pa\u00edses, y 69 Redes Locales, el Pacto Mundial de las Naciones Unidas es la iniciativa de sostenibilidad empresarial m\u00e1s grande del mundo <strong>\u2014<\/strong> un Pacto Mundial que une a las empresas por un mundo mejor.<\/span><\/p>\n<p><span style=\"font-weight: 400\">Para obtener m\u00e1s informaci\u00f3n, siga a <a href=\"https:\/\/twitter.com\/globalcompactuk?lang=en\">@globalcompact<\/a> en las redes sociales y visite nuestro sitio web <\/span><a href=\"https:\/\/unglobalcompact.org\/\"><span style=\"font-weight: 400\">unglobalcompact.org<\/span><\/a><span style=\"font-weight: 400\">.<\/span><\/p>\n<\/div><!-- .paragraph_block -->\n\n\n    <div class=\"heading_block heading_block--three\">\n        <h4>Acerca del Helpdesk sobre Empresas y Derechos Humanos<\/h4>\n    <\/div><!-- .heading -->\n\n\n<div class=\"image_block image_block--small\">\n    <figure class=\"image_block__figure\">\n        <img loading=\"lazy\" decoding=\"async\" width=\"615\" height=\"329\" src=\"https:\/\/bhr-navigator.unglobalcompact.org\/wp-content\/uploads\/2022\/02\/PT_Helpdesk-EN.png\" class=\"attachment-medium size-medium\" alt=\"\" \/>    <\/figure><!-- .image_block__figure -->\n<\/div><!-- .image_block -->\n\n\n<div class=\"paragraph_block reading_content\">\n    <p><span style=\"font-weight: 400\">El Helpdesk sobre Empresas y Derechos Humanos es un servicio de apoyo gratuito del Gobierno federal alem\u00e1n. Asesoramos a empresas de todos los tama\u00f1os de forma individual, confidencial y gratuita sobre diligencia debida en materia de derechos humanos. Nuestros experimentados asesores act\u00faan como punto de contacto para acceder a asesoramiento inicial y recomendaciones, y le ayudan a integrar los est\u00e1ndares ambientales y sociales en el conjunto de su cadena de suministro y valor. Nuestros servicios tambi\u00e9n incluyen formaci\u00f3n a medida, diferentes formatos de actos, apoyo a proyectos y herramientas en l\u00ednea gratuitas.<\/span><\/p>\n<p><span style=\"font-weight: 400\">El Helpdesk est\u00e1 integrado en la Agencia de Desarrollo Econ\u00f3mico y Empresarial (AWE). La AWE est\u00e1 financiada por el Ministerio Federal de Cooperaci\u00f3n y Desarrollo Econ\u00f3micos de Alemania (BMZ) y sus organismos ejecutores son la Deutsche Gesellschaft f\u00fcr internationale Zusammenarbeit (GIZ) GmbH y DEG \u2014 Deutsche Investitions- und Entwicklungsgesellschaft mbH, filial de KfW Bankengruppe.<\/span><\/p>\n<p><span style=\"font-weight: 400\">Para obtener m\u00e1s informaci\u00f3n, siga a <a href=\"https:\/\/twitter.com\/HelpdeskWiMR\">@HelpdeskWiMR<\/a> en las redes sociales y visite nuestro sitio web<\/span><span style=\"font-weight: 400\">\u00a0<\/span><a href=\"https:\/\/wirtschaft-entwicklung.de\/en\/helpdesk-on-business-human-rights\"><span style=\"font-weight: 400\">wirtschaft-entwicklung.de\/en\/helpdesk-on-business-human-rights<\/span><\/a>.<\/p>\n<\/div><!-- .paragraph_block -->\n\n\n    <div class=\"heading_block heading_block--three\">\n        <h4>Acerca de Verisk Maplecroft<\/h4>\n    <\/div><!-- .heading -->\n\n\n<div class=\"image_block image_block--small\">\n    <figure class=\"image_block__figure\">\n        <img loading=\"lazy\" decoding=\"async\" width=\"1022\" height=\"309\" src=\"https:\/\/bhr-navigator.unglobalcompact.org\/wp-content\/uploads\/2022\/03\/veriskMplMpl_h_full-color_rgb.png\" class=\"attachment-medium size-medium\" alt=\"\" srcset=\"https:\/\/bhr-navigator.unglobalcompact.org\/wp-content\/uploads\/2022\/03\/veriskMplMpl_h_full-color_rgb.png 1022w, https:\/\/bhr-navigator.unglobalcompact.org\/wp-content\/uploads\/2022\/03\/veriskMplMpl_h_full-color_rgb-768x232.png 768w\" sizes=\"auto, (max-width: 1022px) 100vw, 1022px\" \/>    <\/figure><!-- .image_block__figure -->\n<\/div><!-- .image_block -->\n\n\n<div class=\"paragraph_block reading_content\">\n    <p>A medida que las organizaciones se esfuerzan por comprender y adaptarse a un mundo que cambia r\u00e1pidamente, Verisk Maplecroft les permite poner el medio ambiente, los derechos humanos y el riesgo pol\u00edtico en el centro de la toma de decisiones. Hacemos esto proporcionando inteligencia sin igual sobre sostenibilidad, resiliencia y riesgo ESG, uniendo estos problemas dispares en una visi\u00f3n global e interconectada, basada en informaci\u00f3n y datos objetivos. Al pensar en un \u00abpanorama general\u00bb, capturamos lo que m\u00e1s importa a nuestros socios; facilitando resultados positivos en tiempos de cambio; ayudando a las personas, las empresas y las sociedades a fortalecerse; creando valor con valores. Verisk Maplecroft es una empresa de Verisk (Nasdaq:VRSK).<\/p>\n<p><span style=\"font-weight: 400\">Para obtener m\u00e1s informaci\u00f3n, siga a\u00a0<\/span><a href=\"https:\/\/twitter.com\/maplecroftrisk\">@MaplecroftRisk <\/a>en las redes sociales y visite nuestro sitio web <a href=\"https:\/\/www.maplecroft.com\">maplecroft.com<\/a>.<\/p>\n<\/div><!-- .paragraph_block -->\n","protected":false},"excerpt":{"rendered":"","protected":false},"author":1,"featured_media":0,"parent":0,"menu_order":0,"comment_status":"closed","ping_status":"closed","template":"","meta":{"_acf_changed":false,"inline_featured_image":false,"footnotes":""},"class_list":["post-25273","page","type-page","status-publish","hentry"],"acf":{"page_header_image":"","page_footnotes":[{"page_footnote":"Visite el sitio web del <a href=\"https:\/\/www.unglobalcompact.org\/what-is-gc\/mission\/principles\">Pacto Mundial de las Naciones Unidas<\/a> para obtener m\u00e1s informaci\u00f3n sobre sus Diez Principios."},{"page_footnote":"Para obtener m\u00e1s informaci\u00f3n sobre los Principios Rectores, consulte los <a href=\"https:\/\/www.ohchr.org\/sites\/default\/files\/documents\/publications\/guidingprinciplesbusinesshr_sp.pdf\">Principios Rectores sobre las Empresas y los Derechos Humanos<\/a>."}]},"yoast_head":"<!-- This site is optimized with the Yoast SEO plugin v27.1.1 - https:\/\/yoast.com\/product\/yoast-seo-wordpress\/ -->\n<title>Sobre el Navigator &#8226; Business &amp; Human Rights Navigator<\/title>\n<meta name=\"robots\" content=\"index, follow, max-snippet:-1, max-image-preview:large, max-video-preview:-1\" \/>\n<link rel=\"canonical\" href=\"https:\/\/bhr-navigator.unglobalcompact.org\/es\/acerca-de\/\" \/>\n<meta property=\"og:locale\" content=\"es_ES\" \/>\n<meta property=\"og:type\" content=\"article\" \/>\n<meta property=\"og:title\" content=\"Sobre el Navigator &#8226; Business &amp; Human Rights Navigator\" \/>\n<meta property=\"og:url\" content=\"https:\/\/bhr-navigator.unglobalcompact.org\/es\/acerca-de\/\" \/>\n<meta property=\"og:site_name\" content=\"Business &amp; Human Rights Navigator\" \/>\n<meta property=\"article:modified_time\" content=\"2025-05-13T13:23:45+00:00\" \/>\n<meta name=\"twitter:card\" content=\"summary_large_image\" \/>\n<script type=\"application\/ld+json\" class=\"yoast-schema-graph\">{\"@context\":\"https:\/\/schema.org\",\"@graph\":[{\"@type\":\"WebPage\",\"@id\":\"https:\/\/bhr-navigator.unglobalcompact.org\/es\/acerca-de\/\",\"url\":\"https:\/\/bhr-navigator.unglobalcompact.org\/es\/acerca-de\/\",\"name\":\"Sobre el Navigator &#8226; Business &amp; Human Rights Navigator\",\"isPartOf\":{\"@id\":\"https:\/\/bhr-navigator.unglobalcompact.org\/es\/?lang=es\/#website\"},\"datePublished\":\"2024-07-15T17:18:39+00:00\",\"dateModified\":\"2025-05-13T13:23:45+00:00\",\"inLanguage\":\"es\",\"potentialAction\":[{\"@type\":\"ReadAction\",\"target\":[\"https:\/\/bhr-navigator.unglobalcompact.org\/es\/acerca-de\/\"]}]},{\"@type\":\"WebSite\",\"@id\":\"https:\/\/bhr-navigator.unglobalcompact.org\/es\/?lang=es\/#website\",\"url\":\"https:\/\/bhr-navigator.unglobalcompact.org\/es\/?lang=es\/\",\"name\":\"Business &amp; Human Rights Navigator\",\"description\":\"Created in partnership with the Helpdesk on Business &amp; Human Rights\",\"publisher\":{\"@id\":\"https:\/\/bhr-navigator.unglobalcompact.org\/es\/?lang=es\/#organization\"},\"potentialAction\":[{\"@type\":\"SearchAction\",\"target\":{\"@type\":\"EntryPoint\",\"urlTemplate\":\"https:\/\/bhr-navigator.unglobalcompact.org\/es\/?lang=es\/?s={search_term_string}\"},\"query-input\":{\"@type\":\"PropertyValueSpecification\",\"valueRequired\":true,\"valueName\":\"search_term_string\"}}],\"inLanguage\":\"es\"},{\"@type\":\"Organization\",\"@id\":\"https:\/\/bhr-navigator.unglobalcompact.org\/es\/?lang=es\/#organization\",\"name\":\"Business & Human Rights Navigator\",\"url\":\"https:\/\/bhr-navigator.unglobalcompact.org\/es\/?lang=es\/\",\"logo\":{\"@type\":\"ImageObject\",\"inLanguage\":\"es\",\"@id\":\"https:\/\/bhr-navigator.unglobalcompact.org\/es\/?lang=es\/#\/schema\/logo\/image\/\",\"url\":\"https:\/\/bhr-navigator.unglobalcompact.org\/wp-content\/uploads\/2022\/03\/un_logo.svg\",\"contentUrl\":\"https:\/\/bhr-navigator.unglobalcompact.org\/wp-content\/uploads\/2022\/03\/un_logo.svg\",\"width\":\"1680\",\"height\":\"1280\",\"caption\":\"Business & Human Rights Navigator\"},\"image\":{\"@id\":\"https:\/\/bhr-navigator.unglobalcompact.org\/es\/?lang=es\/#\/schema\/logo\/image\/\"}}]}<\/script>\n<!-- \/ Yoast SEO plugin. -->","yoast_head_json":{"title":"Sobre el Navigator &#8226; Business &amp; Human Rights Navigator","robots":{"index":"index","follow":"follow","max-snippet":"max-snippet:-1","max-image-preview":"max-image-preview:large","max-video-preview":"max-video-preview:-1"},"canonical":"https:\/\/bhr-navigator.unglobalcompact.org\/es\/acerca-de\/","og_locale":"es_ES","og_type":"article","og_title":"Sobre el Navigator &#8226; Business &amp; Human Rights Navigator","og_url":"https:\/\/bhr-navigator.unglobalcompact.org\/es\/acerca-de\/","og_site_name":"Business &amp; Human Rights Navigator","article_modified_time":"2025-05-13T13:23:45+00:00","twitter_card":"summary_large_image","schema":{"@context":"https:\/\/schema.org","@graph":[{"@type":"WebPage","@id":"https:\/\/bhr-navigator.unglobalcompact.org\/es\/acerca-de\/","url":"https:\/\/bhr-navigator.unglobalcompact.org\/es\/acerca-de\/","name":"Sobre el Navigator &#8226; Business &amp; Human Rights Navigator","isPartOf":{"@id":"https:\/\/bhr-navigator.unglobalcompact.org\/es\/?lang=es\/#website"},"datePublished":"2024-07-15T17:18:39+00:00","dateModified":"2025-05-13T13:23:45+00:00","inLanguage":"es","potentialAction":[{"@type":"ReadAction","target":["https:\/\/bhr-navigator.unglobalcompact.org\/es\/acerca-de\/"]}]},{"@type":"WebSite","@id":"https:\/\/bhr-navigator.unglobalcompact.org\/es\/?lang=es\/#website","url":"https:\/\/bhr-navigator.unglobalcompact.org\/es\/?lang=es\/","name":"Business &amp; Human Rights Navigator","description":"Created in partnership with the Helpdesk on Business &amp; Human Rights","publisher":{"@id":"https:\/\/bhr-navigator.unglobalcompact.org\/es\/?lang=es\/#organization"},"potentialAction":[{"@type":"SearchAction","target":{"@type":"EntryPoint","urlTemplate":"https:\/\/bhr-navigator.unglobalcompact.org\/es\/?lang=es\/?s={search_term_string}"},"query-input":{"@type":"PropertyValueSpecification","valueRequired":true,"valueName":"search_term_string"}}],"inLanguage":"es"},{"@type":"Organization","@id":"https:\/\/bhr-navigator.unglobalcompact.org\/es\/?lang=es\/#organization","name":"Business & Human Rights Navigator","url":"https:\/\/bhr-navigator.unglobalcompact.org\/es\/?lang=es\/","logo":{"@type":"ImageObject","inLanguage":"es","@id":"https:\/\/bhr-navigator.unglobalcompact.org\/es\/?lang=es\/#\/schema\/logo\/image\/","url":"https:\/\/bhr-navigator.unglobalcompact.org\/wp-content\/uploads\/2022\/03\/un_logo.svg","contentUrl":"https:\/\/bhr-navigator.unglobalcompact.org\/wp-content\/uploads\/2022\/03\/un_logo.svg","width":"1680","height":"1280","caption":"Business & Human Rights Navigator"},"image":{"@id":"https:\/\/bhr-navigator.unglobalcompact.org\/es\/?lang=es\/#\/schema\/logo\/image\/"}}]}},"_links":{"self":[{"href":"https:\/\/bhr-navigator.unglobalcompact.org\/es\/wp-json\/wp\/v2\/pages\/25273","targetHints":{"allow":["GET"]}}],"collection":[{"href":"https:\/\/bhr-navigator.unglobalcompact.org\/es\/wp-json\/wp\/v2\/pages"}],"about":[{"href":"https:\/\/bhr-navigator.unglobalcompact.org\/es\/wp-json\/wp\/v2\/types\/page"}],"author":[{"embeddable":true,"href":"https:\/\/bhr-navigator.unglobalcompact.org\/es\/wp-json\/wp\/v2\/users\/1"}],"replies":[{"embeddable":true,"href":"https:\/\/bhr-navigator.unglobalcompact.org\/es\/wp-json\/wp\/v2\/comments?post=25273"}],"version-history":[{"count":6,"href":"https:\/\/bhr-navigator.unglobalcompact.org\/es\/wp-json\/wp\/v2\/pages\/25273\/revisions"}],"predecessor-version":[{"id":26711,"href":"https:\/\/bhr-navigator.unglobalcompact.org\/es\/wp-json\/wp\/v2\/pages\/25273\/revisions\/26711"}],"wp:attachment":[{"href":"https:\/\/bhr-navigator.unglobalcompact.org\/es\/wp-json\/wp\/v2\/media?parent=25273"}],"curies":[{"name":"wp","href":"https:\/\/api.w.org\/{rel}","templated":true}]}}