{"id":18891,"date":"2021-09-08T13:34:52","date_gmt":"2021-09-08T12:34:52","guid":{"rendered":"https:\/\/bhr-navigator.unglobalcompact.org\/pagina-principal\/"},"modified":"2024-07-15T18:00:25","modified_gmt":"2024-07-15T17:00:25","slug":"pagina-principal","status":"publish","type":"page","link":"https:\/\/bhr-navigator.unglobalcompact.org\/es\/","title":{"rendered":"P\u00e1gina principal"},"content":{"rendered":"<div class=\"link-box-block\"><div class=\"link-box\"><div class=\"link-box-title\">Ejemplos pr\u00e1cticos<\/div><div class=\"link-box-description\">Los ejemplos pr\u00e1cticos pueden ayudar a las empresas a identificar y adaptar estrategias y soluciones exitosas. Ofrecen la oportunidad de aprender las mejores pr\u00e1cticas a partir de ejemplos concretos y superar los retos existentes.<\/div><div class=\"link-box-link\"><a href=\"https:\/\/bhr-navigator.unglobalcompact.org\/case_studies\/?lang=de\">Ir a Ejemplos pr\u00e1cticos<\/a><\/div><\/div><div class=\"link-box\"><div class=\"link-box-title\">Recursos clave<\/div><div class=\"link-box-description\">Esta p\u00e1gina es una recopilaci\u00f3n de recursos claves incluidos en varios temas. Haga clic en cada recurso para acceder a m\u00e1s informaci\u00f3n.<\/div><div class=\"link-box-link\"><a href=\"https:\/\/bhr-navigator.unglobalcompact.org\/key_resources\/?lang=de\">Ir a Recursos claves<\/a><\/div><\/div><\/div>","protected":false},"excerpt":{"rendered":"<p>Guiar a las empresas de todo el mundo en sus esfuerzos por comprender mejor y abordar los impactos sobre los derechos humanos en sus operaciones y cadenas de suministro.<\/p>\n","protected":false},"author":1,"featured_media":17575,"parent":0,"menu_order":0,"comment_status":"closed","ping_status":"closed","template":"","meta":{"_acf_changed":false,"inline_featured_image":false,"footnotes":""},"class_list":["post-18891","page","type-page","status-publish","has-post-thumbnail","hentry"],"acf":{"page_header_image":17575,"page_footnotes":null},"yoast_head":"<!-- This site is optimized with the Yoast SEO plugin v27.1.1 - https:\/\/yoast.com\/product\/yoast-seo-wordpress\/ -->\n<title>P\u00e1gina principal &#8226; Business &amp; Human Rights Navigator<\/title>\n<meta name=\"robots\" content=\"index, follow, max-snippet:-1, max-image-preview:large, max-video-preview:-1\" \/>\n<link rel=\"canonical\" href=\"https:\/\/bhr-navigator.unglobalcompact.org\/es\/\" \/>\n<meta property=\"og:locale\" content=\"es_ES\" \/>\n<meta property=\"og:type\" content=\"article\" \/>\n<meta property=\"og:title\" content=\"P\u00e1gina principal &#8226; Business &amp; Human Rights Navigator\" \/>\n<meta property=\"og:description\" content=\"Guiar a las empresas de todo el mundo en sus esfuerzos por comprender mejor y abordar los impactos sobre los derechos humanos en sus operaciones y cadenas de suministro.\" \/>\n<meta property=\"og:url\" content=\"https:\/\/bhr-navigator.unglobalcompact.org\/es\/\" \/>\n<meta property=\"og:site_name\" content=\"Business &amp; Human Rights Navigator\" \/>\n<meta property=\"article:modified_time\" content=\"2024-07-15T17:00:25+00:00\" \/>\n<meta property=\"og:image\" content=\"https:\/\/bhr-navigator.unglobalcompact.org\/wp-content\/uploads\/2022\/01\/49846586751_4702be6d05_o-Home-page-hero-2.jpg\" \/>\n\t<meta property=\"og:image:width\" content=\"2048\" \/>\n\t<meta property=\"og:image:height\" content=\"828\" \/>\n\t<meta property=\"og:image:type\" content=\"image\/jpeg\" \/>\n<meta name=\"twitter:card\" content=\"summary_large_image\" \/>\n<script type=\"application\/ld+json\" class=\"yoast-schema-graph\">{\"@context\":\"https:\/\/schema.org\",\"@graph\":[{\"@type\":\"WebPage\",\"@id\":\"https:\/\/bhr-navigator.unglobalcompact.org\/es\/\",\"url\":\"https:\/\/bhr-navigator.unglobalcompact.org\/es\/\",\"name\":\"P\u00e1gina principal &#8226; Business &amp; Human Rights Navigator\",\"isPartOf\":{\"@id\":\"https:\/\/bhr-navigator.unglobalcompact.org\/es\/?lang=es\/#website\"},\"primaryImageOfPage\":{\"@id\":\"https:\/\/bhr-navigator.unglobalcompact.org\/es\/#primaryimage\"},\"image\":{\"@id\":\"https:\/\/bhr-navigator.unglobalcompact.org\/es\/#primaryimage\"},\"thumbnailUrl\":\"https:\/\/bhr-navigator.unglobalcompact.org\/wp-content\/uploads\/2022\/01\/49846586751_4702be6d05_o-Home-page-hero-2.jpg\",\"datePublished\":\"2021-09-08T12:34:52+00:00\",\"dateModified\":\"2024-07-15T17:00:25+00:00\",\"inLanguage\":\"es\",\"potentialAction\":[{\"@type\":\"ReadAction\",\"target\":[\"https:\/\/bhr-navigator.unglobalcompact.org\/es\/\"]}]},{\"@type\":\"ImageObject\",\"inLanguage\":\"es\",\"@id\":\"https:\/\/bhr-navigator.unglobalcompact.org\/es\/#primaryimage\",\"url\":\"https:\/\/bhr-navigator.unglobalcompact.org\/wp-content\/uploads\/2022\/01\/49846586751_4702be6d05_o-Home-page-hero-2.jpg\",\"contentUrl\":\"https:\/\/bhr-navigator.unglobalcompact.org\/wp-content\/uploads\/2022\/01\/49846586751_4702be6d05_o-Home-page-hero-2.jpg\",\"width\":2048,\"height\":828,\"caption\":\"Girl looking into camera\"},{\"@type\":\"WebSite\",\"@id\":\"https:\/\/bhr-navigator.unglobalcompact.org\/es\/?lang=es\/#website\",\"url\":\"https:\/\/bhr-navigator.unglobalcompact.org\/es\/?lang=es\/\",\"name\":\"Business &amp; Human Rights Navigator\",\"description\":\"Created in partnership with the Helpdesk on Business &amp; Human Rights\",\"publisher\":{\"@id\":\"https:\/\/bhr-navigator.unglobalcompact.org\/es\/?lang=es\/#organization\"},\"potentialAction\":[{\"@type\":\"SearchAction\",\"target\":{\"@type\":\"EntryPoint\",\"urlTemplate\":\"https:\/\/bhr-navigator.unglobalcompact.org\/es\/?lang=es\/?s={search_term_string}\"},\"query-input\":{\"@type\":\"PropertyValueSpecification\",\"valueRequired\":true,\"valueName\":\"search_term_string\"}}],\"inLanguage\":\"es\"},{\"@type\":\"Organization\",\"@id\":\"https:\/\/bhr-navigator.unglobalcompact.org\/es\/?lang=es\/#organization\",\"name\":\"Business & Human Rights Navigator\",\"url\":\"https:\/\/bhr-navigator.unglobalcompact.org\/es\/?lang=es\/\",\"logo\":{\"@type\":\"ImageObject\",\"inLanguage\":\"es\",\"@id\":\"https:\/\/bhr-navigator.unglobalcompact.org\/es\/?lang=es\/#\/schema\/logo\/image\/\",\"url\":\"https:\/\/bhr-navigator.unglobalcompact.org\/wp-content\/uploads\/2022\/03\/un_logo.svg\",\"contentUrl\":\"https:\/\/bhr-navigator.unglobalcompact.org\/wp-content\/uploads\/2022\/03\/un_logo.svg\",\"width\":\"1680\",\"height\":\"1280\",\"caption\":\"Business & Human Rights Navigator\"},\"image\":{\"@id\":\"https:\/\/bhr-navigator.unglobalcompact.org\/es\/?lang=es\/#\/schema\/logo\/image\/\"}}]}<\/script>\n<!-- \/ Yoast SEO plugin. -->","yoast_head_json":{"title":"P\u00e1gina principal &#8226; Business &amp; Human Rights Navigator","robots":{"index":"index","follow":"follow","max-snippet":"max-snippet:-1","max-image-preview":"max-image-preview:large","max-video-preview":"max-video-preview:-1"},"canonical":"https:\/\/bhr-navigator.unglobalcompact.org\/es\/","og_locale":"es_ES","og_type":"article","og_title":"P\u00e1gina principal &#8226; Business &amp; Human Rights Navigator","og_description":"Guiar a las empresas de todo el mundo en sus esfuerzos por comprender mejor y abordar los impactos sobre los derechos humanos en sus operaciones y cadenas de suministro.","og_url":"https:\/\/bhr-navigator.unglobalcompact.org\/es\/","og_site_name":"Business &amp; Human Rights Navigator","article_modified_time":"2024-07-15T17:00:25+00:00","og_image":[{"width":2048,"height":828,"url":"https:\/\/bhr-navigator.unglobalcompact.org\/wp-content\/uploads\/2022\/01\/49846586751_4702be6d05_o-Home-page-hero-2.jpg","type":"image\/jpeg"}],"twitter_card":"summary_large_image","schema":{"@context":"https:\/\/schema.org","@graph":[{"@type":"WebPage","@id":"https:\/\/bhr-navigator.unglobalcompact.org\/es\/","url":"https:\/\/bhr-navigator.unglobalcompact.org\/es\/","name":"P\u00e1gina principal &#8226; Business &amp; Human Rights Navigator","isPartOf":{"@id":"https:\/\/bhr-navigator.unglobalcompact.org\/es\/?lang=es\/#website"},"primaryImageOfPage":{"@id":"https:\/\/bhr-navigator.unglobalcompact.org\/es\/#primaryimage"},"image":{"@id":"https:\/\/bhr-navigator.unglobalcompact.org\/es\/#primaryimage"},"thumbnailUrl":"https:\/\/bhr-navigator.unglobalcompact.org\/wp-content\/uploads\/2022\/01\/49846586751_4702be6d05_o-Home-page-hero-2.jpg","datePublished":"2021-09-08T12:34:52+00:00","dateModified":"2024-07-15T17:00:25+00:00","inLanguage":"es","potentialAction":[{"@type":"ReadAction","target":["https:\/\/bhr-navigator.unglobalcompact.org\/es\/"]}]},{"@type":"ImageObject","inLanguage":"es","@id":"https:\/\/bhr-navigator.unglobalcompact.org\/es\/#primaryimage","url":"https:\/\/bhr-navigator.unglobalcompact.org\/wp-content\/uploads\/2022\/01\/49846586751_4702be6d05_o-Home-page-hero-2.jpg","contentUrl":"https:\/\/bhr-navigator.unglobalcompact.org\/wp-content\/uploads\/2022\/01\/49846586751_4702be6d05_o-Home-page-hero-2.jpg","width":2048,"height":828,"caption":"Girl looking into camera"},{"@type":"WebSite","@id":"https:\/\/bhr-navigator.unglobalcompact.org\/es\/?lang=es\/#website","url":"https:\/\/bhr-navigator.unglobalcompact.org\/es\/?lang=es\/","name":"Business &amp; Human Rights Navigator","description":"Created in partnership with the Helpdesk on Business &amp; Human Rights","publisher":{"@id":"https:\/\/bhr-navigator.unglobalcompact.org\/es\/?lang=es\/#organization"},"potentialAction":[{"@type":"SearchAction","target":{"@type":"EntryPoint","urlTemplate":"https:\/\/bhr-navigator.unglobalcompact.org\/es\/?lang=es\/?s={search_term_string}"},"query-input":{"@type":"PropertyValueSpecification","valueRequired":true,"valueName":"search_term_string"}}],"inLanguage":"es"},{"@type":"Organization","@id":"https:\/\/bhr-navigator.unglobalcompact.org\/es\/?lang=es\/#organization","name":"Business & Human Rights Navigator","url":"https:\/\/bhr-navigator.unglobalcompact.org\/es\/?lang=es\/","logo":{"@type":"ImageObject","inLanguage":"es","@id":"https:\/\/bhr-navigator.unglobalcompact.org\/es\/?lang=es\/#\/schema\/logo\/image\/","url":"https:\/\/bhr-navigator.unglobalcompact.org\/wp-content\/uploads\/2022\/03\/un_logo.svg","contentUrl":"https:\/\/bhr-navigator.unglobalcompact.org\/wp-content\/uploads\/2022\/03\/un_logo.svg","width":"1680","height":"1280","caption":"Business & Human Rights Navigator"},"image":{"@id":"https:\/\/bhr-navigator.unglobalcompact.org\/es\/?lang=es\/#\/schema\/logo\/image\/"}}]}},"_links":{"self":[{"href":"https:\/\/bhr-navigator.unglobalcompact.org\/es\/wp-json\/wp\/v2\/pages\/18891","targetHints":{"allow":["GET"]}}],"collection":[{"href":"https:\/\/bhr-navigator.unglobalcompact.org\/es\/wp-json\/wp\/v2\/pages"}],"about":[{"href":"https:\/\/bhr-navigator.unglobalcompact.org\/es\/wp-json\/wp\/v2\/types\/page"}],"author":[{"embeddable":true,"href":"https:\/\/bhr-navigator.unglobalcompact.org\/es\/wp-json\/wp\/v2\/users\/1"}],"replies":[{"embeddable":true,"href":"https:\/\/bhr-navigator.unglobalcompact.org\/es\/wp-json\/wp\/v2\/comments?post=18891"}],"version-history":[{"count":2,"href":"https:\/\/bhr-navigator.unglobalcompact.org\/es\/wp-json\/wp\/v2\/pages\/18891\/revisions"}],"predecessor-version":[{"id":24513,"href":"https:\/\/bhr-navigator.unglobalcompact.org\/es\/wp-json\/wp\/v2\/pages\/18891\/revisions\/24513"}],"wp:featuredmedia":[{"embeddable":true,"href":"https:\/\/bhr-navigator.unglobalcompact.org\/es\/wp-json\/wp\/v2\/media\/17575"}],"wp:attachment":[{"href":"https:\/\/bhr-navigator.unglobalcompact.org\/es\/wp-json\/wp\/v2\/media?parent=18891"}],"curies":[{"name":"wp","href":"https:\/\/api.w.org\/{rel}","templated":true}]}}