{"id":25267,"date":"2024-07-15T18:18:39","date_gmt":"2024-07-15T17:18:39","guid":{"rendered":"https:\/\/bhr-navigator.unglobalcompact.org\/?page_id=25267"},"modified":"2026-04-02T09:53:25","modified_gmt":"2026-04-02T08:53:25","slug":"ueber-das-projekt","status":"publish","type":"page","link":"https:\/\/bhr-navigator.unglobalcompact.org\/de\/ueber-das-projekt\/","title":{"rendered":"\u00dcber das Projekt"},"content":{"rendered":"    <div class=\"heading_block heading_block--three\">\n        <h3>Einf\u00fchrung: Wirtschaft und Menschenrechte<\/h3>\n    <\/div><!-- .heading -->\n\n\n<div class=\"paragraph_block reading_content\">\n    <p>Gem\u00e4\u00df dem Rahmenkonzept \u201eSchutz, Achtung und Abhilfe\u201c der Vereinten Nationen m\u00fcssen Staaten die Menschen in ihrem Hoheitsgebiet und\/oder ihrer Jurisdiktion vor Menschenrechtsverletzungen sch\u00fctzen, die von Dritten, einschlie\u00dflich Unternehmen, ver\u00fcbt werden. Gleichzeitig wird von Unternehmen erwartet, dass sie die Menschenrechte achten. Das hei\u00dft, dass sie vermeiden sollten, die Menschenrechte Anderer zu beeintr\u00e4chtigen, und dass sie nachteiligen menschenrechtlichen Auswirkungen, an denen sie beteiligt sind, begegnen sollten. Sowohl von Staaten als auch von Unternehmen wird erwartet, dass die Betroffenen von Menschenrechtsverletzungen Zugang zu wirksamer Abhilfe (sowohl gerichtlicher als auch au\u00dfergerichtlicher) haben.<\/p>\n<p>Die <a href=\"https:\/\/www.globalcompact.de\/migrated_files\/wAssets\/docs\/Menschenrechte\/Publikationen\/leitprinzipien_fuer_wirtschaft_und_menschenrechte.pdf\">UN-Leitprinzipien f\u00fcr Wirtschaft und Menschenrechte<\/a> (engl.: UN Guiding Principles on Business &amp; Human Rights \u2013 UNGPs) sind der weltweit ma\u00dfgebende Standard f\u00fcr das Verhalten von Unternehmen in Bezug auf Menschenrechte und bieten eine Orientierungshilfe, wie Unternehmen ihre Verpflichtungen aus dem Rahmenkonzept \u201eSchutz, Achtung und Abhilfe\u201c umsetzen k\u00f6nnen.[1]\u00a0 Die 2011 vom UN-Menschenrechtsrat einstimmig angenommenen UNGPs legen die Erwartungen an Staaten und Unternehmen fest, negative Auswirkungen von Unternehmen auf Menschenrechte zu verhindern und zu bek\u00e4mpfen. F\u00fcr verantwortungsbewusste Unternehmen besteht die Herausforderung darin, wie sie die Menschenrechte in der Praxis achten k\u00f6nnen, wenn sie mit komplexen sozialen, politischen und wirtschaftlichen Situationen konfrontiert sind, f\u00fcr die es keine einfachen L\u00f6sungen gibt.<\/p>\n<\/div><!-- .paragraph_block -->\n\n\n<div class=\"video_block\">\n    <div class=\"video_block__inner\">\n        <div class=\"video_block__embed_container\">\n            <iframe loading=\"lazy\" title=\"Praxislotse Wirtschaft &amp; Menschenrechte\" width=\"640\" height=\"360\" src=\"https:\/\/www.youtube.com\/embed\/CvsyEn7ntQ8?feature=oembed\" frameborder=\"0\" allow=\"accelerometer; autoplay; clipboard-write; encrypted-media; gyroscope; picture-in-picture; web-share\" referrerpolicy=\"strict-origin-when-cross-origin\" allowfullscreen><\/iframe>        <\/div><!-- .video_block__embed_container -->\n            <\/div><!-- .video_block__inner -->\n<\/div><!-- .video_block -->\n\n\n    <div class=\"heading_block heading_block--two\">\n        <h2>Der Praxislotse Wirtschaft &#038; Menschenrechte<\/h2>\n    <\/div><!-- .heading -->\n\n\n<div class=\"paragraph_block reading_content\">\n    <p>Der Praxislotse Wirtschaft &amp; Menschenrechte (Praxislotse WiMR) unterst\u00fctzt Unternehmen auf der ganzen Welt, die Auswirkungen auf Menschenrechte im eigenen Gesch\u00e4ftsbereich und in ihren Lieferketten besser zu verstehen und zu adressieren. Der Praxislotse WiMR st\u00fctzt sich auf die <a href=\"https:\/\/www.globalcompact.de\/ueber-uns\/united-nations-global-compact\">10 Prinzipien des UN Global Compact<\/a>[2] und die <a href=\"https:\/\/www.globalcompact.de\/migrated_files\/wAssets\/docs\/Menschenrechte\/Publikationen\/leitprinzipien_fuer_wirtschaft_und_menschenrechte.pdf\">UN-Leitprinzipien f\u00fcr Wirtschaft und Menschenrechte<\/a>.<\/p>\n<p>Ziel des Praxislotsen WiMR ist es, Unternehmen ein besseres Verst\u00e4ndnis daf\u00fcr zu vermitteln, wie die UNGPs in der Praxis ausgelegt und umgesetzt werden k\u00f6nnen, insbesondere im Hinblick auf einige der wichtigsten Menschenrechtsthemen f\u00fcr Unternehmen. Der Praxislotse WiMR soll Unternehmen dabei unterst\u00fctzen, ihre Auswirkungen auf Menschenrechte \u2013 im eigenen Gesch\u00e4ftsbereich und in ihren Liefer- und Wertsch\u00f6pfungsketten \u2013 sowie die Integration von Mechanismen zur menschenrechtlichen Sorgfalt, um Risiken zu adressieren, besser zu verstehen. Der Praxislotse WiMR bietet eingehende Analysen menschenrechtlicher <a href=\"https:\/\/bhr-navigator.unglobalcompact.org\/issues\/?lang=de\">Kernthemen<\/a>, Empfehlungen zum Sorgfaltsprozess, sowie <a href=\"https:\/\/bhr-navigator.unglobalcompact.org\/case_studies\/?lang=de\">Praxisbeispiele<\/a>, die veranschaulichen, wie andere Unternehmen verantwortungsvoll mit ihren menschenrechtlichen Auswirkungen umgehen. Dazu geh\u00f6ren die folgenden, in den UNGPs beschriebenen Schritte des Sorgfaltsprozesses:<\/p>\n<ul>\n<li>Entwicklung einer Grundsatzerkl\u00e4rung<\/li>\n<li>Ermittlung potenzieller und tats\u00e4chlicher Auswirkungen auf Menschenrechte<\/li>\n<li>Integration und Durchf\u00fchrung relevanter Ma\u00dfnahmen<\/li>\n<li>Wirksamkeitskontrolle<\/li>\n<li>Kommunikation und Berichterstattung<\/li>\n<li>Beschwerdemechanismen und Abhilfe<\/li>\n<\/ul>\n<p>Die <a href=\"https:\/\/bhr-navigator.unglobalcompact.org\/issues\/?lang=de\">Kernthemen<\/a> und dazugeh\u00f6rigen <a href=\"https:\/\/bhr-navigator.unglobalcompact.org\/case_studies\/?lang=de\">Praxisbeispiele<\/a> bieten Ans\u00e4tze f\u00fcr Unternehmen, ihre direkten und indirekten Menschenrechtsrisiken anzugehen. Jedes Kernthema beinhaltet:<\/p>\n<ul>\n<li>Eine Einf\u00fchrung in das Thema<\/li>\n<li>Branchenspezifische Risikofaktoren<\/li>\n<li>Vorschl\u00e4ge zur Integration in den Sorgfaltsprozess<\/li>\n<li>Praxisbeispiele<\/li>\n<li>Weiterf\u00fchrende Informationen<\/li>\n<\/ul>\n<p>Der Praxislotse WiMR wird vom <a href=\"https:\/\/unglobalcompact.org\/\">United Nations Global Compact<\/a> in Zusammenarbeit mit dem <a href=\"https:\/\/wirtschaft-entwicklung.de\/wirtschaft-menschenrechte\/\">Helpdesk Wirtschaft und Menschenrechte<\/a> der Bundesregierung und <a href=\"https:\/\/www.maplecroft.com\/\">Verisk Maplecroft<\/a> angeboten. <a href=\"https:\/\/wirtschaft-entwicklung.de\/impressum-1\/\">Finanziert<\/a> wird er vom Helpdesk Wirtschaft und Menschenrechte der Bundesregierung. Das <a href=\"https:\/\/www.globalcompact.de\/migrated_files\/wAssets\/docs\/Menschenrechte\/Publikationen\/leitprinzipien_fuer_wirtschaft_und_menschenrechte.pdf\">Deutsche Global Compact Netzwerk<\/a> hat das Projekt als konzeptioneller Partner beraten.<\/p>\n<p>Die Inhalte des Praxislotsen WiMR wurden in Abstimmung mit dem <a href=\"https:\/\/www.ohchr.org\/en\/ohchr_homepage\">UN-Menschenrechtsb\u00fcro (OHCHR)<\/a> entwickelt. Die <a href=\"https:\/\/www.ilo.org\/\">Internationale Arbeitsorganisation (ILO)<\/a> leistete fachliche Unterst\u00fctzung zu den Grunds\u00e4tzen der internationalen Arbeitsnormen im Unternehmenskontext. Eine Gruppe lokaler Netzwerke des UN Global Compact \u2013 aus <a href=\"https:\/\/unglobalcompact.org.au\/\">Australien<\/a>, <a href=\"https:\/\/www.pactoglobal.org.br\/\">Brasilien<\/a>, <a href=\"https:\/\/unglobalcompact.ca\/\">Kanada<\/a>, <a href=\"https:\/\/unglobalcompact.ge\/en\/globaluri-shetankhmebis-saqartvelos-qseli\/\">Georgien<\/a>, <a href=\"https:\/\/www.ungcjn.org\/\">Japan<\/a>, <a href=\"https:\/\/unglobalcompactng.org\/\">Nigeria<\/a>, <a href=\"https:\/\/www.pactomundial.org\/\">Spanien<\/a> und dem <a href=\"https:\/\/www.unglobalcompact.org.uk\/\">Vereinigten K\u00f6nigreich<\/a> \u2013 leistete ebenfalls wertvolle Unterst\u00fctzung.<\/p>\n<p>Der Praxislotse WiMR baut auf der Arbeit des <em>Human Rights and Business Dilemmas Forum<\/em> auf, das vom UN Global Compact in Zusammenarbeit mit Verisk Maplecroft entwickelt und von der GE Foundation finanziert wurde.<\/p>\n<\/div><!-- .paragraph_block -->\n\n\n<div class=\"callout_content_block blue\">\n    <div class=\"callout_content_block__inner\">\n                    <div class=\"callout_content_block__heading\">\n                                    <h3>Disclaimer<\/h3>\n                            <\/div><!-- .callout_content_block__heading -->\n                <div class=\"callout_content_block__reading_content reading_content\">\n            <p>Die Inhalte dieser Website sind ausschlie\u00dflich als Informations- und Analysequelle zu betrachten. Sie stellen keine Rechtsberatung dar und sollten auch nicht als solche verstanden werden. Sofern nicht anders angegeben, gibt der Inhalt nicht unbedingt die offiziellen Positionen der Vereinten Nationen oder der deutschen Bundesregierung wieder.<\/p>\n<p>Die aufgef\u00fchrten Praxisbeispiele dienen ausschlie\u00dflich zu Lernzwecken und zeigen, wie Unternehmen unterschiedlicher Branchen und Gr\u00f6\u00dfen den Anforderungen der menschenrechtlichen Sorgfaltspflicht begegnen, welche L\u00f6sungsans\u00e4tze sie entwickeln und wie sie diese in der Unternehmenspraxis umsetzen. Sie stellen keine Unterst\u00fctzung f\u00fcr die einzelnen Unternehmen dar und nehmen keine Bewertung vor, ob die dargestellten Ma\u00dfnahmen den Anforderungen der UN-Leitprinzipien f\u00fcr Wirtschaft und Menschenrechte (UNGPs), des Nationalen Aktionsplans Wirtschaft und Menschenrechte (NAP) sowie des Lieferkettensorgfaltspflichtengesetzes (LkSG) entsprechen. Ziel ist vielmehr, die Machbarkeit eines menschenrechtlichen Sorgfaltsmanagements aufzuzeigen und Unternehmen Anregungen f\u00fcr die eigene Umsetzung zu bieten.<\/p>\n        <\/div><!-- .callout_content_block__reading_content reading_content -->\n    <\/div><!-- .callout_content_block__inner -->\n<\/div><!-- .callout_content_block -->\n\n\n    <div class=\"heading_block heading_block--three\">\n        <h3>\u00dcber den United Nations Global Compact <\/h3>\n    <\/div><!-- .heading -->\n\n\n<div class=\"image_block image_block--small\">\n    <figure class=\"image_block__figure\">\n        <img loading=\"lazy\" decoding=\"async\" width=\"467\" height=\"150\" src=\"https:\/\/bhr-navigator.unglobalcompact.org\/wp-content\/uploads\/2021\/10\/un-global-compact-logo-H200.png\" class=\"attachment-medium size-medium\" alt=\"\" \/>    <\/figure><!-- .image_block__figure -->\n<\/div><!-- .image_block -->\n\n\n<div class=\"paragraph_block reading_content\">\n    <p>Als Initiative des UN-Generalsekret\u00e4rs ist der United Nations Global Compact ein Aufruf an Unternehmen auf der ganzen Welt, ihre T\u00e4tigkeiten und Strategien an 10 Prinzipien in den Bereichen Menschenrechte, Arbeitsnormen, Umwelt und Korruptionsbek\u00e4mpfung auszurichten. Unser Ziel ist es, den globalen kollektiven Einfluss der Wirtschaft zu beschleunigen und zu vergr\u00f6\u00dfern, indem wir die 10 Prinzipien einhalten und die Sustainable Development Goals durch rechenschaftspflichtige Unternehmen und \u00d6kosysteme, die Ver\u00e4nderungen erm\u00f6glichen, erreichen. Mit mehr als 20.000 Unternehmen aus \u00fcber 160 L\u00e4ndern und mehr als 60 Global Compact L\u00e4ndernetzwerken, ist der UN Global Compact die weltweit gr\u00f6\u00dfte Nachhaltigkeitsinitiative von Unternehmen \u2013 ein Global Compact, der die Wirtschaft f\u00fcr eine bessere Welt vereint.<\/p>\n<p>F\u00fcr weitere Informationen folgen Sie <a href=\"https:\/\/x.com\/i\/flow\/login?redirect_after_login=%2Fglobalcompactuk\">@globalcompact<\/a> in den sozialen Medien und besuchen Sie unsere Website <a href=\"https:\/\/unglobalcompact.org\/\">unglobalcompact.org<\/a>.<\/p>\n<\/div><!-- .paragraph_block -->\n\n\n    <div class=\"heading_block heading_block--three\">\n        <h3>\u00dcber den Helpdesk Wirtschaft und Menschenrechte <\/h3>\n    <\/div><!-- .heading -->\n\n\n<div class=\"image_block image_block--small\">\n    <figure class=\"image_block__figure\">\n        <img loading=\"lazy\" decoding=\"async\" width=\"615\" height=\"329\" src=\"https:\/\/bhr-navigator.unglobalcompact.org\/wp-content\/uploads\/2022\/02\/PT_Helpdesk-EN.png\" class=\"attachment-medium size-medium\" alt=\"\" \/>    <\/figure><!-- .image_block__figure -->\n<\/div><!-- .image_block -->\n\n\n<div class=\"paragraph_block reading_content\">\n    <p>Der Helpdesk Wirtschaft und Menschenrechte (Helpdesk WiMR) ist ein kostenloses Unterst\u00fctzungsangebot der deutschen Bundesregierung. Wir beraten Unternehmen jeder Gr\u00f6\u00dfe individuell, vertraulich und kostenfrei rund um das Thema menschenrechtliche Sorgfalt. Unsere erfahrenen Berater:innen dienen als Anlaufstelle zur Erst- und Verweisberatung und unterst\u00fctzen Unternehmen dabei, ihr Handeln umwelt- und sozialvertr\u00e4glich zu gestalten. Dar\u00fcber hinaus umfasst unser Angebot ma\u00dfgeschneiderte Schulungen, Veranstaltungsformate, Projektunterst\u00fctzung und kostenlose Online-Tools.<\/p>\n<p>Der Helpdesk WiMR ist in der Agentur f\u00fcr Wirtschaft und Entwicklung (AWE) verortet und wird vom Bundesministerium f\u00fcr wirtschaftliche Zusammenarbeit und Entwicklung (BMZ) finanziert. Durchgef\u00fchrt wird der Helpdesk WiMR von der DEG Impulse gGmbH, eine Tochtergesellschaft der Deutschen Investitions- und Entwicklungsgesellschaft mbH (DEG), mit Unterst\u00fctzung der Deutschen Gesellschaft f\u00fcr Internationale Zusammenarbeit (GIZ).<\/p>\n<p>F\u00fcr weitere Informationen folgen Sie <a href=\"https:\/\/www.linkedin.com\/company\/helpdesk-wirtschaft-menschenrechte\/\">@HelpdeskWiMR<\/a> auf LinkedIn und besuchen Sie unsere Website <a href=\"https:\/\/wirtschaft-entwicklung.de\/wirtschaft-menschenrechte\/\">wirtschaft-entwicklung.de\/wirtschaft-menschenrechte<\/a>.<\/p>\n<\/div><!-- .paragraph_block -->\n\n\n    <div class=\"heading_block heading_block--three\">\n        <h3>\u00dcber Verisk Maplecroft<\/h3>\n    <\/div><!-- .heading -->\n\n\n<div class=\"image_block image_block--small\">\n    <figure class=\"image_block__figure\">\n        <img loading=\"lazy\" decoding=\"async\" width=\"1022\" height=\"309\" src=\"https:\/\/bhr-navigator.unglobalcompact.org\/wp-content\/uploads\/2022\/03\/veriskMplMpl_h_full-color_rgb.png\" class=\"attachment-medium size-medium\" alt=\"\" srcset=\"https:\/\/bhr-navigator.unglobalcompact.org\/wp-content\/uploads\/2022\/03\/veriskMplMpl_h_full-color_rgb.png 1022w, https:\/\/bhr-navigator.unglobalcompact.org\/wp-content\/uploads\/2022\/03\/veriskMplMpl_h_full-color_rgb-768x232.png 768w\" sizes=\"auto, (max-width: 1022px) 100vw, 1022px\" \/>    <\/figure><!-- .image_block__figure -->\n<\/div><!-- .image_block -->\n\n\n<div class=\"paragraph_block reading_content\">\n    <p>Unternehmen und Investoren wollen die Herausforderungen einer sich schnell ver\u00e4ndernden Welt verstehen und sich auf sie einstellen. Verisk Maplecroft unterst\u00fctzt diese Unternehmen dabei, Umwelt, Menschenrechte und politische Risiken ins Zentrum ihrer Entscheidungsprozesse zu stellen. Wir tun dies, indem wir un\u00fcbertroffene Informationen zu Nachhaltigkeit, Resilienz und ESG-Risiken anbieten \u2013 und diese diversen Themen schl\u00fcssig in einer global vernetzten Perspektive zusammenbringen, die auf objektiven Analysen, Research und Daten beruht. Indem wir an \u201adas gro\u00dfe Ganze\u2018 denken, erfassen wir das, was f\u00fcr unsere Partner von gr\u00f6\u00dfter Bedeutung ist: wir erm\u00f6glichen positive Ergebnisse in einer Zeit von Wandel; unterst\u00fctzen Menschen, Unternehmen und Gesellschaften dabei, an St\u00e4rke zu gewinnen; und schaffen Werte mit Werten. Verisk Maplecroft ist ein Verisk Unternehmen (Nasdaq:VRSK).<\/p>\n<p>F\u00fcr weitere Informationen folgen Sie <a href=\"https:\/\/twitter.com\/maplecroftrisk\">@MaplecroftRisk<\/a> in den sozialen Medien und besuchen Sie unsere Website <a href=\"https:\/\/www.maplecroft.com\/\">maplecroft.com<\/a>.<\/p>\n<\/div><!-- .paragraph_block -->\n","protected":false},"excerpt":{"rendered":"","protected":false},"author":1,"featured_media":0,"parent":0,"menu_order":0,"comment_status":"closed","ping_status":"closed","template":"","meta":{"_acf_changed":false,"inline_featured_image":false,"footnotes":""},"class_list":["post-25267","page","type-page","status-publish","hentry"],"acf":{"page_header_image":"","page_footnotes":[{"page_footnote":"Weitere Informationen \u00fcber die UNGPs finden Sie in den <a href=\"https:\/\/www.globalcompact.de\/migrated_files\/wAssets\/docs\/Menschenrechte\/Publikationen\/leitprinzipien_fuer_wirtschaft_und_menschenrechte.pdf\">UN-Leitprinzipien f\u00fcr Wirtschaft und Menschenrechte<\/a>."},{"page_footnote":"Weitere Informationen \u00fcber die 10 Prinzipien finden Sie auf der Website des <a href=\"https:\/\/www.globalcompact.de\/ueber-uns\/united-nations-global-compact\">Deutschen Global Compact Netzwerks<\/a>."}]},"yoast_head":"<!-- This site is optimized with the Yoast SEO plugin v27.1.1 - https:\/\/yoast.com\/product\/yoast-seo-wordpress\/ -->\n<title>\u00dcber den Praxislotsen Wirtschaft &amp; Menschenrechte I UN Global Compact Business &amp; Human Rights Navigator<\/title>\n<meta name=\"description\" content=\"Erfahren Sie, wie Sie den Praxislotsen Wirtschaft &amp; Menschenrechte nutzen k\u00f6nnen \u2013 ein Tool des UN Global Compact (UNGC), das gemeinsam mit der ILO und dem OHCHR entwickelt wurde, um Unternehmen bei der Identifizierung von Menschenrechtsrisiken und der Umsetzung ihrer Sorgfaltspflichten im eigenen Gesch\u00e4ftsbereich und in der Lieferkette zu unterst\u00fctzen.\" \/>\n<meta name=\"robots\" content=\"index, follow, max-snippet:-1, max-image-preview:large, max-video-preview:-1\" \/>\n<link rel=\"canonical\" href=\"https:\/\/bhr-navigator.unglobalcompact.org\/de\/ueber-das-projekt\/\" \/>\n<meta property=\"og:locale\" content=\"de_DE\" \/>\n<meta property=\"og:type\" content=\"article\" \/>\n<meta property=\"og:title\" content=\"\u00dcber den Praxislotsen Wirtschaft &amp; Menschenrechte I UN Global Compact Business &amp; Human Rights Navigator\" \/>\n<meta property=\"og:description\" content=\"Erfahren Sie, wie Sie den Praxislotsen Wirtschaft &amp; Menschenrechte nutzen k\u00f6nnen \u2013 ein Tool des UN Global Compact (UNGC), das gemeinsam mit der ILO und dem OHCHR entwickelt wurde, um Unternehmen bei der Identifizierung von Menschenrechtsrisiken und der Umsetzung ihrer Sorgfaltspflichten im eigenen Gesch\u00e4ftsbereich und in der Lieferkette zu unterst\u00fctzen.\" \/>\n<meta property=\"og:url\" content=\"https:\/\/bhr-navigator.unglobalcompact.org\/de\/ueber-das-projekt\/\" \/>\n<meta property=\"og:site_name\" content=\"Business &amp; Human Rights Navigator\" \/>\n<meta property=\"article:modified_time\" content=\"2026-04-02T08:53:25+00:00\" \/>\n<meta name=\"twitter:card\" content=\"summary_large_image\" \/>\n<script type=\"application\/ld+json\" class=\"yoast-schema-graph\">{\"@context\":\"https:\/\/schema.org\",\"@graph\":[{\"@type\":\"WebPage\",\"@id\":\"https:\/\/bhr-navigator.unglobalcompact.org\/de\/ueber-das-projekt\/\",\"url\":\"https:\/\/bhr-navigator.unglobalcompact.org\/de\/ueber-das-projekt\/\",\"name\":\"\u00dcber den Praxislotsen Wirtschaft & Menschenrechte I UN Global Compact Business &amp; Human Rights Navigator\",\"isPartOf\":{\"@id\":\"https:\/\/bhr-navigator.unglobalcompact.org\/de\/?lang=es\/#website\"},\"datePublished\":\"2024-07-15T17:18:39+00:00\",\"dateModified\":\"2026-04-02T08:53:25+00:00\",\"description\":\"Erfahren Sie, wie Sie den Praxislotsen Wirtschaft & Menschenrechte nutzen k\u00f6nnen \u2013 ein Tool des UN Global Compact (UNGC), das gemeinsam mit der ILO und dem OHCHR entwickelt wurde, um Unternehmen bei der Identifizierung von Menschenrechtsrisiken und der Umsetzung ihrer Sorgfaltspflichten im eigenen Gesch\u00e4ftsbereich und in der Lieferkette zu unterst\u00fctzen.\",\"inLanguage\":\"de\",\"potentialAction\":[{\"@type\":\"ReadAction\",\"target\":[\"https:\/\/bhr-navigator.unglobalcompact.org\/de\/ueber-das-projekt\/\"]}]},{\"@type\":\"WebSite\",\"@id\":\"https:\/\/bhr-navigator.unglobalcompact.org\/de\/?lang=es\/#website\",\"url\":\"https:\/\/bhr-navigator.unglobalcompact.org\/de\/?lang=es\/\",\"name\":\"Business &amp; Human Rights Navigator\",\"description\":\"Created in partnership with the Helpdesk on Business &amp; Human Rights\",\"publisher\":{\"@id\":\"https:\/\/bhr-navigator.unglobalcompact.org\/de\/?lang=es\/#organization\"},\"potentialAction\":[{\"@type\":\"SearchAction\",\"target\":{\"@type\":\"EntryPoint\",\"urlTemplate\":\"https:\/\/bhr-navigator.unglobalcompact.org\/de\/?lang=es\/?s={search_term_string}\"},\"query-input\":{\"@type\":\"PropertyValueSpecification\",\"valueRequired\":true,\"valueName\":\"search_term_string\"}}],\"inLanguage\":\"de\"},{\"@type\":\"Organization\",\"@id\":\"https:\/\/bhr-navigator.unglobalcompact.org\/de\/?lang=es\/#organization\",\"name\":\"Business & Human Rights Navigator\",\"url\":\"https:\/\/bhr-navigator.unglobalcompact.org\/de\/?lang=es\/\",\"logo\":{\"@type\":\"ImageObject\",\"inLanguage\":\"de\",\"@id\":\"https:\/\/bhr-navigator.unglobalcompact.org\/de\/?lang=es\/#\/schema\/logo\/image\/\",\"url\":\"https:\/\/bhr-navigator.unglobalcompact.org\/wp-content\/uploads\/2022\/03\/un_logo.svg\",\"contentUrl\":\"https:\/\/bhr-navigator.unglobalcompact.org\/wp-content\/uploads\/2022\/03\/un_logo.svg\",\"width\":\"1680\",\"height\":\"1280\",\"caption\":\"Business & Human Rights Navigator\"},\"image\":{\"@id\":\"https:\/\/bhr-navigator.unglobalcompact.org\/de\/?lang=es\/#\/schema\/logo\/image\/\"}}]}<\/script>\n<!-- \/ Yoast SEO plugin. -->","yoast_head_json":{"title":"\u00dcber den Praxislotsen Wirtschaft & Menschenrechte I UN Global Compact Business &amp; Human Rights Navigator","description":"Erfahren Sie, wie Sie den Praxislotsen Wirtschaft & Menschenrechte nutzen k\u00f6nnen \u2013 ein Tool des UN Global Compact (UNGC), das gemeinsam mit der ILO und dem OHCHR entwickelt wurde, um Unternehmen bei der Identifizierung von Menschenrechtsrisiken und der Umsetzung ihrer Sorgfaltspflichten im eigenen Gesch\u00e4ftsbereich und in der Lieferkette zu unterst\u00fctzen.","robots":{"index":"index","follow":"follow","max-snippet":"max-snippet:-1","max-image-preview":"max-image-preview:large","max-video-preview":"max-video-preview:-1"},"canonical":"https:\/\/bhr-navigator.unglobalcompact.org\/de\/ueber-das-projekt\/","og_locale":"de_DE","og_type":"article","og_title":"\u00dcber den Praxislotsen Wirtschaft & Menschenrechte I UN Global Compact Business &amp; Human Rights Navigator","og_description":"Erfahren Sie, wie Sie den Praxislotsen Wirtschaft & Menschenrechte nutzen k\u00f6nnen \u2013 ein Tool des UN Global Compact (UNGC), das gemeinsam mit der ILO und dem OHCHR entwickelt wurde, um Unternehmen bei der Identifizierung von Menschenrechtsrisiken und der Umsetzung ihrer Sorgfaltspflichten im eigenen Gesch\u00e4ftsbereich und in der Lieferkette zu unterst\u00fctzen.","og_url":"https:\/\/bhr-navigator.unglobalcompact.org\/de\/ueber-das-projekt\/","og_site_name":"Business &amp; Human Rights Navigator","article_modified_time":"2026-04-02T08:53:25+00:00","twitter_card":"summary_large_image","schema":{"@context":"https:\/\/schema.org","@graph":[{"@type":"WebPage","@id":"https:\/\/bhr-navigator.unglobalcompact.org\/de\/ueber-das-projekt\/","url":"https:\/\/bhr-navigator.unglobalcompact.org\/de\/ueber-das-projekt\/","name":"\u00dcber den Praxislotsen Wirtschaft & Menschenrechte I UN Global Compact Business &amp; Human Rights Navigator","isPartOf":{"@id":"https:\/\/bhr-navigator.unglobalcompact.org\/de\/?lang=es\/#website"},"datePublished":"2024-07-15T17:18:39+00:00","dateModified":"2026-04-02T08:53:25+00:00","description":"Erfahren Sie, wie Sie den Praxislotsen Wirtschaft & Menschenrechte nutzen k\u00f6nnen \u2013 ein Tool des UN Global Compact (UNGC), das gemeinsam mit der ILO und dem OHCHR entwickelt wurde, um Unternehmen bei der Identifizierung von Menschenrechtsrisiken und der Umsetzung ihrer Sorgfaltspflichten im eigenen Gesch\u00e4ftsbereich und in der Lieferkette zu unterst\u00fctzen.","inLanguage":"de","potentialAction":[{"@type":"ReadAction","target":["https:\/\/bhr-navigator.unglobalcompact.org\/de\/ueber-das-projekt\/"]}]},{"@type":"WebSite","@id":"https:\/\/bhr-navigator.unglobalcompact.org\/de\/?lang=es\/#website","url":"https:\/\/bhr-navigator.unglobalcompact.org\/de\/?lang=es\/","name":"Business &amp; Human Rights Navigator","description":"Created in partnership with the Helpdesk on Business &amp; Human Rights","publisher":{"@id":"https:\/\/bhr-navigator.unglobalcompact.org\/de\/?lang=es\/#organization"},"potentialAction":[{"@type":"SearchAction","target":{"@type":"EntryPoint","urlTemplate":"https:\/\/bhr-navigator.unglobalcompact.org\/de\/?lang=es\/?s={search_term_string}"},"query-input":{"@type":"PropertyValueSpecification","valueRequired":true,"valueName":"search_term_string"}}],"inLanguage":"de"},{"@type":"Organization","@id":"https:\/\/bhr-navigator.unglobalcompact.org\/de\/?lang=es\/#organization","name":"Business & Human Rights Navigator","url":"https:\/\/bhr-navigator.unglobalcompact.org\/de\/?lang=es\/","logo":{"@type":"ImageObject","inLanguage":"de","@id":"https:\/\/bhr-navigator.unglobalcompact.org\/de\/?lang=es\/#\/schema\/logo\/image\/","url":"https:\/\/bhr-navigator.unglobalcompact.org\/wp-content\/uploads\/2022\/03\/un_logo.svg","contentUrl":"https:\/\/bhr-navigator.unglobalcompact.org\/wp-content\/uploads\/2022\/03\/un_logo.svg","width":"1680","height":"1280","caption":"Business & Human Rights Navigator"},"image":{"@id":"https:\/\/bhr-navigator.unglobalcompact.org\/de\/?lang=es\/#\/schema\/logo\/image\/"}}]}},"_links":{"self":[{"href":"https:\/\/bhr-navigator.unglobalcompact.org\/de\/wp-json\/wp\/v2\/pages\/25267","targetHints":{"allow":["GET"]}}],"collection":[{"href":"https:\/\/bhr-navigator.unglobalcompact.org\/de\/wp-json\/wp\/v2\/pages"}],"about":[{"href":"https:\/\/bhr-navigator.unglobalcompact.org\/de\/wp-json\/wp\/v2\/types\/page"}],"author":[{"embeddable":true,"href":"https:\/\/bhr-navigator.unglobalcompact.org\/de\/wp-json\/wp\/v2\/users\/1"}],"replies":[{"embeddable":true,"href":"https:\/\/bhr-navigator.unglobalcompact.org\/de\/wp-json\/wp\/v2\/comments?post=25267"}],"version-history":[{"count":4,"href":"https:\/\/bhr-navigator.unglobalcompact.org\/de\/wp-json\/wp\/v2\/pages\/25267\/revisions"}],"predecessor-version":[{"id":25743,"href":"https:\/\/bhr-navigator.unglobalcompact.org\/de\/wp-json\/wp\/v2\/pages\/25267\/revisions\/25743"}],"wp:attachment":[{"href":"https:\/\/bhr-navigator.unglobalcompact.org\/de\/wp-json\/wp\/v2\/media?parent=25267"}],"curies":[{"name":"wp","href":"https:\/\/api.w.org\/{rel}","templated":true}]}}