{"id":17527,"date":"2021-09-08T13:34:52","date_gmt":"2021-09-08T12:34:52","guid":{"rendered":"https:\/\/bhr-navigator.unglobalcompact.org\/?page_id=17527"},"modified":"2024-07-15T17:57:39","modified_gmt":"2024-07-15T16:57:39","slug":"home","status":"publish","type":"page","link":"https:\/\/bhr-navigator.unglobalcompact.org\/de\/","title":{"rendered":"Startseite"},"content":{"rendered":"<div class=\"link-box-block\"><div class=\"link-box\"><div class=\"link-box-title\">Praxisbeispiele<\/div><div class=\"link-box-description\">Die Praxisbeispiele zeigen m\u00f6gliche L\u00f6sungsans\u00e4tze und erfolgreiche Strategien auf. Damit k\u00f6nnen Unternehmen bew\u00e4hrte Praxis kennenlernen und erhalten Anregungen f\u00fcr das eigene Handeln.<\/div><div class=\"link-box-link\"><a href=\"https:\/\/bhr-navigator.unglobalcompact.org\/case_studies\/?lang=de\">Zu den Praxisbeispielen<\/a><\/div><\/div><div class=\"link-box\"><div class=\"link-box-title\">Umsetzungshilfen<\/div><div class=\"link-box-description\">Diese Seite sammelt die wichtigsten Umsetzungshilfen aus allen Kernthemen. Bitte klicken Sie auf die jeweilige Umsetzungshilfe, um weitere Informationen zu erhalten.<\/div><div class=\"link-box-link\"><a href=\"https:\/\/bhr-navigator.unglobalcompact.org\/key_resources\/?lang=de\">Zu den Umsetzungshilfen<\/a><\/div><\/div><\/div>","protected":false},"excerpt":{"rendered":"<p>Eine Orientierungshilfe f\u00fcr alle Unternehmen, die die menschenrechtlichen Auswirkungen ihrer Aktivit\u00e4ten und Lieferketten besser verstehen und angehen m\u00f6chten.<\/p>\n","protected":false},"author":1,"featured_media":17573,"parent":0,"menu_order":0,"comment_status":"closed","ping_status":"closed","template":"","meta":{"_acf_changed":false,"inline_featured_image":false,"footnotes":""},"class_list":["post-17527","page","type-page","status-publish","has-post-thumbnail","hentry"],"acf":{"page_header_image":17573,"page_footnotes":null},"yoast_head":"<!-- This site is optimized with the Yoast SEO plugin v27.1.1 - https:\/\/yoast.com\/product\/yoast-seo-wordpress\/ -->\n<title>Startseite &#8226; Business &amp; Human Rights Navigator<\/title>\n<meta name=\"robots\" content=\"index, follow, max-snippet:-1, max-image-preview:large, max-video-preview:-1\" \/>\n<link rel=\"canonical\" href=\"https:\/\/bhr-navigator.unglobalcompact.org\/de\/\" \/>\n<meta property=\"og:locale\" content=\"de_DE\" \/>\n<meta property=\"og:type\" content=\"article\" \/>\n<meta property=\"og:title\" content=\"Startseite &#8226; Business &amp; Human Rights Navigator\" \/>\n<meta property=\"og:description\" content=\"Eine Orientierungshilfe f\u00fcr alle Unternehmen, die die menschenrechtlichen Auswirkungen ihrer Aktivit\u00e4ten und Lieferketten besser verstehen und angehen m\u00f6chten.\" \/>\n<meta property=\"og:url\" content=\"https:\/\/bhr-navigator.unglobalcompact.org\/de\/\" \/>\n<meta property=\"og:site_name\" content=\"Business &amp; Human Rights Navigator\" \/>\n<meta property=\"article:modified_time\" content=\"2024-07-15T16:57:39+00:00\" \/>\n<meta property=\"og:image\" content=\"https:\/\/bhr-navigator.unglobalcompact.org\/wp-content\/uploads\/2022\/01\/49846586751_4702be6d05_o-Home-page-hero-2.jpg\" \/>\n\t<meta property=\"og:image:width\" content=\"2048\" \/>\n\t<meta property=\"og:image:height\" content=\"828\" \/>\n\t<meta property=\"og:image:type\" content=\"image\/jpeg\" \/>\n<meta name=\"twitter:card\" content=\"summary_large_image\" \/>\n<script type=\"application\/ld+json\" class=\"yoast-schema-graph\">{\"@context\":\"https:\/\/schema.org\",\"@graph\":[{\"@type\":\"WebPage\",\"@id\":\"https:\/\/bhr-navigator.unglobalcompact.org\/de\/\",\"url\":\"https:\/\/bhr-navigator.unglobalcompact.org\/de\/\",\"name\":\"Startseite &#8226; Business &amp; Human Rights Navigator\",\"isPartOf\":{\"@id\":\"https:\/\/bhr-navigator.unglobalcompact.org\/de\/?lang=es\/#website\"},\"primaryImageOfPage\":{\"@id\":\"https:\/\/bhr-navigator.unglobalcompact.org\/de\/#primaryimage\"},\"image\":{\"@id\":\"https:\/\/bhr-navigator.unglobalcompact.org\/de\/#primaryimage\"},\"thumbnailUrl\":\"https:\/\/bhr-navigator.unglobalcompact.org\/wp-content\/uploads\/2022\/01\/49846586751_4702be6d05_o-Home-page-hero-2.jpg\",\"datePublished\":\"2021-09-08T12:34:52+00:00\",\"dateModified\":\"2024-07-15T16:57:39+00:00\",\"inLanguage\":\"de\",\"potentialAction\":[{\"@type\":\"ReadAction\",\"target\":[\"https:\/\/bhr-navigator.unglobalcompact.org\/de\/\"]}]},{\"@type\":\"ImageObject\",\"inLanguage\":\"de\",\"@id\":\"https:\/\/bhr-navigator.unglobalcompact.org\/de\/#primaryimage\",\"url\":\"https:\/\/bhr-navigator.unglobalcompact.org\/wp-content\/uploads\/2022\/01\/49846586751_4702be6d05_o-Home-page-hero-2.jpg\",\"contentUrl\":\"https:\/\/bhr-navigator.unglobalcompact.org\/wp-content\/uploads\/2022\/01\/49846586751_4702be6d05_o-Home-page-hero-2.jpg\",\"width\":2048,\"height\":828,\"caption\":\"Girl looking into camera\"},{\"@type\":\"WebSite\",\"@id\":\"https:\/\/bhr-navigator.unglobalcompact.org\/de\/?lang=es\/#website\",\"url\":\"https:\/\/bhr-navigator.unglobalcompact.org\/de\/?lang=es\/\",\"name\":\"Business &amp; Human Rights Navigator\",\"description\":\"Created in partnership with the Helpdesk on Business &amp; Human Rights\",\"publisher\":{\"@id\":\"https:\/\/bhr-navigator.unglobalcompact.org\/de\/?lang=es\/#organization\"},\"potentialAction\":[{\"@type\":\"SearchAction\",\"target\":{\"@type\":\"EntryPoint\",\"urlTemplate\":\"https:\/\/bhr-navigator.unglobalcompact.org\/de\/?lang=es\/?s={search_term_string}\"},\"query-input\":{\"@type\":\"PropertyValueSpecification\",\"valueRequired\":true,\"valueName\":\"search_term_string\"}}],\"inLanguage\":\"de\"},{\"@type\":\"Organization\",\"@id\":\"https:\/\/bhr-navigator.unglobalcompact.org\/de\/?lang=es\/#organization\",\"name\":\"Business & Human Rights Navigator\",\"url\":\"https:\/\/bhr-navigator.unglobalcompact.org\/de\/?lang=es\/\",\"logo\":{\"@type\":\"ImageObject\",\"inLanguage\":\"de\",\"@id\":\"https:\/\/bhr-navigator.unglobalcompact.org\/de\/?lang=es\/#\/schema\/logo\/image\/\",\"url\":\"https:\/\/bhr-navigator.unglobalcompact.org\/wp-content\/uploads\/2022\/03\/un_logo.svg\",\"contentUrl\":\"https:\/\/bhr-navigator.unglobalcompact.org\/wp-content\/uploads\/2022\/03\/un_logo.svg\",\"width\":\"1680\",\"height\":\"1280\",\"caption\":\"Business & Human Rights Navigator\"},\"image\":{\"@id\":\"https:\/\/bhr-navigator.unglobalcompact.org\/de\/?lang=es\/#\/schema\/logo\/image\/\"}}]}<\/script>\n<!-- \/ Yoast SEO plugin. -->","yoast_head_json":{"title":"Startseite &#8226; Business &amp; Human Rights Navigator","robots":{"index":"index","follow":"follow","max-snippet":"max-snippet:-1","max-image-preview":"max-image-preview:large","max-video-preview":"max-video-preview:-1"},"canonical":"https:\/\/bhr-navigator.unglobalcompact.org\/de\/","og_locale":"de_DE","og_type":"article","og_title":"Startseite &#8226; Business &amp; Human Rights Navigator","og_description":"Eine Orientierungshilfe f\u00fcr alle Unternehmen, die die menschenrechtlichen Auswirkungen ihrer Aktivit\u00e4ten und Lieferketten besser verstehen und angehen m\u00f6chten.","og_url":"https:\/\/bhr-navigator.unglobalcompact.org\/de\/","og_site_name":"Business &amp; Human Rights Navigator","article_modified_time":"2024-07-15T16:57:39+00:00","og_image":[{"width":2048,"height":828,"url":"https:\/\/bhr-navigator.unglobalcompact.org\/wp-content\/uploads\/2022\/01\/49846586751_4702be6d05_o-Home-page-hero-2.jpg","type":"image\/jpeg"}],"twitter_card":"summary_large_image","schema":{"@context":"https:\/\/schema.org","@graph":[{"@type":"WebPage","@id":"https:\/\/bhr-navigator.unglobalcompact.org\/de\/","url":"https:\/\/bhr-navigator.unglobalcompact.org\/de\/","name":"Startseite &#8226; Business &amp; Human Rights Navigator","isPartOf":{"@id":"https:\/\/bhr-navigator.unglobalcompact.org\/de\/?lang=es\/#website"},"primaryImageOfPage":{"@id":"https:\/\/bhr-navigator.unglobalcompact.org\/de\/#primaryimage"},"image":{"@id":"https:\/\/bhr-navigator.unglobalcompact.org\/de\/#primaryimage"},"thumbnailUrl":"https:\/\/bhr-navigator.unglobalcompact.org\/wp-content\/uploads\/2022\/01\/49846586751_4702be6d05_o-Home-page-hero-2.jpg","datePublished":"2021-09-08T12:34:52+00:00","dateModified":"2024-07-15T16:57:39+00:00","inLanguage":"de","potentialAction":[{"@type":"ReadAction","target":["https:\/\/bhr-navigator.unglobalcompact.org\/de\/"]}]},{"@type":"ImageObject","inLanguage":"de","@id":"https:\/\/bhr-navigator.unglobalcompact.org\/de\/#primaryimage","url":"https:\/\/bhr-navigator.unglobalcompact.org\/wp-content\/uploads\/2022\/01\/49846586751_4702be6d05_o-Home-page-hero-2.jpg","contentUrl":"https:\/\/bhr-navigator.unglobalcompact.org\/wp-content\/uploads\/2022\/01\/49846586751_4702be6d05_o-Home-page-hero-2.jpg","width":2048,"height":828,"caption":"Girl looking into camera"},{"@type":"WebSite","@id":"https:\/\/bhr-navigator.unglobalcompact.org\/de\/?lang=es\/#website","url":"https:\/\/bhr-navigator.unglobalcompact.org\/de\/?lang=es\/","name":"Business &amp; Human Rights Navigator","description":"Created in partnership with the Helpdesk on Business &amp; Human Rights","publisher":{"@id":"https:\/\/bhr-navigator.unglobalcompact.org\/de\/?lang=es\/#organization"},"potentialAction":[{"@type":"SearchAction","target":{"@type":"EntryPoint","urlTemplate":"https:\/\/bhr-navigator.unglobalcompact.org\/de\/?lang=es\/?s={search_term_string}"},"query-input":{"@type":"PropertyValueSpecification","valueRequired":true,"valueName":"search_term_string"}}],"inLanguage":"de"},{"@type":"Organization","@id":"https:\/\/bhr-navigator.unglobalcompact.org\/de\/?lang=es\/#organization","name":"Business & Human Rights Navigator","url":"https:\/\/bhr-navigator.unglobalcompact.org\/de\/?lang=es\/","logo":{"@type":"ImageObject","inLanguage":"de","@id":"https:\/\/bhr-navigator.unglobalcompact.org\/de\/?lang=es\/#\/schema\/logo\/image\/","url":"https:\/\/bhr-navigator.unglobalcompact.org\/wp-content\/uploads\/2022\/03\/un_logo.svg","contentUrl":"https:\/\/bhr-navigator.unglobalcompact.org\/wp-content\/uploads\/2022\/03\/un_logo.svg","width":"1680","height":"1280","caption":"Business & Human Rights Navigator"},"image":{"@id":"https:\/\/bhr-navigator.unglobalcompact.org\/de\/?lang=es\/#\/schema\/logo\/image\/"}}]}},"_links":{"self":[{"href":"https:\/\/bhr-navigator.unglobalcompact.org\/de\/wp-json\/wp\/v2\/pages\/17527","targetHints":{"allow":["GET"]}}],"collection":[{"href":"https:\/\/bhr-navigator.unglobalcompact.org\/de\/wp-json\/wp\/v2\/pages"}],"about":[{"href":"https:\/\/bhr-navigator.unglobalcompact.org\/de\/wp-json\/wp\/v2\/types\/page"}],"author":[{"embeddable":true,"href":"https:\/\/bhr-navigator.unglobalcompact.org\/de\/wp-json\/wp\/v2\/users\/1"}],"replies":[{"embeddable":true,"href":"https:\/\/bhr-navigator.unglobalcompact.org\/de\/wp-json\/wp\/v2\/comments?post=17527"}],"version-history":[{"count":2,"href":"https:\/\/bhr-navigator.unglobalcompact.org\/de\/wp-json\/wp\/v2\/pages\/17527\/revisions"}],"predecessor-version":[{"id":24495,"href":"https:\/\/bhr-navigator.unglobalcompact.org\/de\/wp-json\/wp\/v2\/pages\/17527\/revisions\/24495"}],"wp:featuredmedia":[{"embeddable":true,"href":"https:\/\/bhr-navigator.unglobalcompact.org\/de\/wp-json\/wp\/v2\/media\/17573"}],"wp:attachment":[{"href":"https:\/\/bhr-navigator.unglobalcompact.org\/de\/wp-json\/wp\/v2\/media?parent=17527"}],"curies":[{"name":"wp","href":"https:\/\/api.w.org\/{rel}","templated":true}]}}